{"id":94,"date":"2021-02-21T14:46:09","date_gmt":"2021-02-21T13:46:09","guid":{"rendered":"http:\/\/www.baltic-spots.de\/?page_id=94"},"modified":"2025-03-18T21:57:48","modified_gmt":"2025-03-18T20:57:48","slug":"price-spots-nordic-love-potion-aka-tj","status":"publish","type":"page","link":"https:\/\/www.baltic-spots.de\/?page_id=94","title":{"rendered":"Price Spot\u00b4s Nordic Love Potion aka TJ &#8211; Deckr\u00fcde"},"content":{"rendered":"\n<p><strong>Deutscher Club Champion<\/strong><\/p>\n\n\n\n<figure class=\"wp-block-image size-large\"><img loading=\"lazy\" decoding=\"async\" width=\"2400\" height=\"1910\" src=\"https:\/\/www.baltic-spots.de\/wp-content\/uploads\/2025\/03\/TJ-2-2400x1910.jpg\" alt=\"\" class=\"wp-image-798\" srcset=\"https:\/\/www.baltic-spots.de\/wp-content\/uploads\/2025\/03\/TJ-2-2400x1910.jpg 2400w, https:\/\/www.baltic-spots.de\/wp-content\/uploads\/2025\/03\/TJ-2-1200x955.jpg 1200w, https:\/\/www.baltic-spots.de\/wp-content\/uploads\/2025\/03\/TJ-2-50x40.jpg 50w, https:\/\/www.baltic-spots.de\/wp-content\/uploads\/2025\/03\/TJ-2-768x611.jpg 768w, https:\/\/www.baltic-spots.de\/wp-content\/uploads\/2025\/03\/TJ-2-1536x1222.jpg 1536w, https:\/\/www.baltic-spots.de\/wp-content\/uploads\/2025\/03\/TJ-2-2048x1630.jpg 2048w, https:\/\/www.baltic-spots.de\/wp-content\/uploads\/2025\/03\/TJ-2-1140x907.jpg 1140w\" sizes=\"auto, (max-width: 2400px) 100vw, 2400px\" \/><\/figure>\n\n\n\n<figure class=\"wp-block-image size-large\"><img loading=\"lazy\" decoding=\"async\" width=\"1800\" height=\"2400\" src=\"https:\/\/www.baltic-spots.de\/wp-content\/uploads\/2025\/03\/TJ-3-1800x2400.jpg\" alt=\"\" class=\"wp-image-799\" srcset=\"https:\/\/www.baltic-spots.de\/wp-content\/uploads\/2025\/03\/TJ-3-1800x2400.jpg 1800w, https:\/\/www.baltic-spots.de\/wp-content\/uploads\/2025\/03\/TJ-3-900x1200.jpg 900w, https:\/\/www.baltic-spots.de\/wp-content\/uploads\/2025\/03\/TJ-3-38x50.jpg 38w, https:\/\/www.baltic-spots.de\/wp-content\/uploads\/2025\/03\/TJ-3-768x1024.jpg 768w, https:\/\/www.baltic-spots.de\/wp-content\/uploads\/2025\/03\/TJ-3-1152x1536.jpg 1152w, https:\/\/www.baltic-spots.de\/wp-content\/uploads\/2025\/03\/TJ-3-1536x2048.jpg 1536w, https:\/\/www.baltic-spots.de\/wp-content\/uploads\/2025\/03\/TJ-3-1140x1520.jpg 1140w, https:\/\/www.baltic-spots.de\/wp-content\/uploads\/2025\/03\/TJ-3-scaled.jpg 1920w\" sizes=\"auto, (max-width: 1800px) 100vw, 1800px\" \/><\/figure>\n\n\n\n<p>Price Spot\u00b4s Nordic Love Potion (aka TJ)<\/p>\n\n\n\n<p>Wurftag: 23.07.2020&nbsp;&nbsp;&nbsp;&nbsp;&nbsp;&nbsp;&nbsp;&nbsp; <\/p>\n\n\n\n<p>Geburtsland: Norwegen<\/p>\n\n\n\n<p>Farbe: wei\u00df &#8211; Schwarz, <\/p>\n\n\n\n<p>Audiometrie: beidseitig h\u00f6hrend, +\/+<\/p>\n\n\n\n<p>Zahnstatus: Scherengebiss, P4 fehlt<\/p>\n\n\n\n<p>Gewicht: 33 kg<\/p>\n\n\n\n<p>Gr\u00f6\u00dfe:&nbsp;61 cm<\/p>\n\n\n\n<p>HD: A1<\/p>\n\n\n\n<p>Z\u00fcchter: Silje Paulsen<\/p>\n\n\n\n<p>Vater: All About Spots Pumbaa<\/p>\n\n\n\n<p>Mutter: Price Spot\u00b4s Hope and Glory<\/p>\n\n\n\n<p>ZZP am 16.10.2022 mit Empfehlung auf Vollzahnige Partner bestanden. Richter Herr J\u00fcrgen Rotsch<\/p>\n\n\n\n<figure class=\"wp-block-gallery has-nested-images columns-default is-cropped wp-block-gallery-1 is-layout-flex wp-block-gallery-is-layout-flex\">\n<figure class=\"wp-block-image size-large\"><img loading=\"lazy\" decoding=\"async\" width=\"2400\" height=\"1686\" data-id=\"609\" src=\"https:\/\/www.baltic-spots.de\/wp-content\/uploads\/2021\/03\/AT-TJ-zugeschnitten-1-2400x1686.jpg\" alt=\"\" class=\"wp-image-609\" srcset=\"https:\/\/www.baltic-spots.de\/wp-content\/uploads\/2021\/03\/AT-TJ-zugeschnitten-1-2400x1686.jpg 2400w, https:\/\/www.baltic-spots.de\/wp-content\/uploads\/2021\/03\/AT-TJ-zugeschnitten-1-1200x843.jpg 1200w, https:\/\/www.baltic-spots.de\/wp-content\/uploads\/2021\/03\/AT-TJ-zugeschnitten-1-50x35.jpg 50w, https:\/\/www.baltic-spots.de\/wp-content\/uploads\/2021\/03\/AT-TJ-zugeschnitten-1-768x540.jpg 768w, https:\/\/www.baltic-spots.de\/wp-content\/uploads\/2021\/03\/AT-TJ-zugeschnitten-1-1536x1079.jpg 1536w, https:\/\/www.baltic-spots.de\/wp-content\/uploads\/2021\/03\/AT-TJ-zugeschnitten-1-2048x1439.jpg 2048w, https:\/\/www.baltic-spots.de\/wp-content\/uploads\/2021\/03\/AT-TJ-zugeschnitten-1-1140x801.jpg 1140w\" sizes=\"auto, (max-width: 2400px) 100vw, 2400px\" \/><\/figure>\n<\/figure>\n\n\n\n<div class=\"wp-block-columns is-layout-flex wp-container-core-columns-is-layout-9d6595d7 wp-block-columns-is-layout-flex\">\n<div class=\"wp-block-column is-layout-flow wp-block-column-is-layout-flow\" style=\"flex-basis:100%\">\n<div class=\"wp-block-group\"><div class=\"wp-block-group__inner-container is-layout-flow wp-block-group-is-layout-flow\">\n<div class=\"wp-block-columns is-layout-flex wp-container-core-columns-is-layout-9d6595d7 wp-block-columns-is-layout-flex\">\n<div class=\"wp-block-column is-layout-flow wp-block-column-is-layout-flow\" style=\"flex-basis:100%\">\n<figure class=\"wp-block-gallery has-nested-images columns-default is-cropped wp-block-gallery-2 is-layout-flex wp-block-gallery-is-layout-flex\">\n<figure class=\"wp-block-image size-large\"><img loading=\"lazy\" decoding=\"async\" width=\"1800\" height=\"2400\" data-id=\"365\" src=\"https:\/\/www.baltic-spots.de\/wp-content\/uploads\/2021\/03\/IMG_2918-1800x2400.jpg\" alt=\"\" class=\"wp-image-365\" srcset=\"https:\/\/www.baltic-spots.de\/wp-content\/uploads\/2021\/03\/IMG_2918-1800x2400.jpg 1800w, https:\/\/www.baltic-spots.de\/wp-content\/uploads\/2021\/03\/IMG_2918-900x1200.jpg 900w, https:\/\/www.baltic-spots.de\/wp-content\/uploads\/2021\/03\/IMG_2918-38x50.jpg 38w, https:\/\/www.baltic-spots.de\/wp-content\/uploads\/2021\/03\/IMG_2918-768x1024.jpg 768w, https:\/\/www.baltic-spots.de\/wp-content\/uploads\/2021\/03\/IMG_2918-1152x1536.jpg 1152w, https:\/\/www.baltic-spots.de\/wp-content\/uploads\/2021\/03\/IMG_2918-1536x2048.jpg 1536w, https:\/\/www.baltic-spots.de\/wp-content\/uploads\/2021\/03\/IMG_2918-1140x1520.jpg 1140w, https:\/\/www.baltic-spots.de\/wp-content\/uploads\/2021\/03\/IMG_2918-scaled.jpg 1920w\" sizes=\"auto, (max-width: 1800px) 100vw, 1800px\" \/><\/figure>\n\n\n\n<figure class=\"wp-block-image size-large\"><img loading=\"lazy\" decoding=\"async\" width=\"1800\" height=\"2400\" data-id=\"366\" src=\"https:\/\/www.baltic-spots.de\/wp-content\/uploads\/2021\/03\/IMG_3040-1800x2400.jpg\" alt=\"\" class=\"wp-image-366\" srcset=\"https:\/\/www.baltic-spots.de\/wp-content\/uploads\/2021\/03\/IMG_3040-1800x2400.jpg 1800w, https:\/\/www.baltic-spots.de\/wp-content\/uploads\/2021\/03\/IMG_3040-900x1200.jpg 900w, https:\/\/www.baltic-spots.de\/wp-content\/uploads\/2021\/03\/IMG_3040-38x50.jpg 38w, https:\/\/www.baltic-spots.de\/wp-content\/uploads\/2021\/03\/IMG_3040-768x1024.jpg 768w, https:\/\/www.baltic-spots.de\/wp-content\/uploads\/2021\/03\/IMG_3040-1152x1536.jpg 1152w, https:\/\/www.baltic-spots.de\/wp-content\/uploads\/2021\/03\/IMG_3040-1536x2048.jpg 1536w, https:\/\/www.baltic-spots.de\/wp-content\/uploads\/2021\/03\/IMG_3040-1140x1520.jpg 1140w, https:\/\/www.baltic-spots.de\/wp-content\/uploads\/2021\/03\/IMG_3040-scaled.jpg 1920w\" sizes=\"auto, (max-width: 1800px) 100vw, 1800px\" \/><\/figure>\n\n\n\n<figure class=\"wp-block-image size-large\"><img loading=\"lazy\" decoding=\"async\" width=\"1800\" height=\"2400\" data-id=\"367\" src=\"https:\/\/www.baltic-spots.de\/wp-content\/uploads\/2021\/03\/IMG_3983-1800x2400.jpg\" alt=\"\" class=\"wp-image-367\" srcset=\"https:\/\/www.baltic-spots.de\/wp-content\/uploads\/2021\/03\/IMG_3983-1800x2400.jpg 1800w, https:\/\/www.baltic-spots.de\/wp-content\/uploads\/2021\/03\/IMG_3983-900x1200.jpg 900w, https:\/\/www.baltic-spots.de\/wp-content\/uploads\/2021\/03\/IMG_3983-38x50.jpg 38w, https:\/\/www.baltic-spots.de\/wp-content\/uploads\/2021\/03\/IMG_3983-768x1024.jpg 768w, https:\/\/www.baltic-spots.de\/wp-content\/uploads\/2021\/03\/IMG_3983-1152x1536.jpg 1152w, https:\/\/www.baltic-spots.de\/wp-content\/uploads\/2021\/03\/IMG_3983-1536x2048.jpg 1536w, https:\/\/www.baltic-spots.de\/wp-content\/uploads\/2021\/03\/IMG_3983-1140x1520.jpg 1140w, https:\/\/www.baltic-spots.de\/wp-content\/uploads\/2021\/03\/IMG_3983-scaled.jpg 1920w\" sizes=\"auto, (max-width: 1800px) 100vw, 1800px\" \/><\/figure>\n\n\n\n<figure class=\"wp-block-image size-large\"><img loading=\"lazy\" decoding=\"async\" width=\"1800\" height=\"2400\" data-id=\"368\" src=\"https:\/\/www.baltic-spots.de\/wp-content\/uploads\/2021\/03\/IMG_4040-1800x2400.jpg\" alt=\"\" class=\"wp-image-368\" srcset=\"https:\/\/www.baltic-spots.de\/wp-content\/uploads\/2021\/03\/IMG_4040-1800x2400.jpg 1800w, https:\/\/www.baltic-spots.de\/wp-content\/uploads\/2021\/03\/IMG_4040-900x1200.jpg 900w, https:\/\/www.baltic-spots.de\/wp-content\/uploads\/2021\/03\/IMG_4040-38x50.jpg 38w, https:\/\/www.baltic-spots.de\/wp-content\/uploads\/2021\/03\/IMG_4040-768x1024.jpg 768w, https:\/\/www.baltic-spots.de\/wp-content\/uploads\/2021\/03\/IMG_4040-1152x1536.jpg 1152w, https:\/\/www.baltic-spots.de\/wp-content\/uploads\/2021\/03\/IMG_4040-1536x2048.jpg 1536w, https:\/\/www.baltic-spots.de\/wp-content\/uploads\/2021\/03\/IMG_4040-1140x1520.jpg 1140w, https:\/\/www.baltic-spots.de\/wp-content\/uploads\/2021\/03\/IMG_4040-scaled.jpg 1920w\" sizes=\"auto, (max-width: 1800px) 100vw, 1800px\" \/><\/figure>\n\n\n\n<figure class=\"wp-block-image size-large\"><img loading=\"lazy\" decoding=\"async\" width=\"1800\" height=\"2400\" data-id=\"369\" src=\"https:\/\/www.baltic-spots.de\/wp-content\/uploads\/2021\/03\/IMG_E2833-1800x2400.jpg\" alt=\"\" class=\"wp-image-369\" srcset=\"https:\/\/www.baltic-spots.de\/wp-content\/uploads\/2021\/03\/IMG_E2833-1800x2400.jpg 1800w, https:\/\/www.baltic-spots.de\/wp-content\/uploads\/2021\/03\/IMG_E2833-900x1200.jpg 900w, https:\/\/www.baltic-spots.de\/wp-content\/uploads\/2021\/03\/IMG_E2833-38x50.jpg 38w, https:\/\/www.baltic-spots.de\/wp-content\/uploads\/2021\/03\/IMG_E2833-768x1024.jpg 768w, https:\/\/www.baltic-spots.de\/wp-content\/uploads\/2021\/03\/IMG_E2833-1152x1536.jpg 1152w, https:\/\/www.baltic-spots.de\/wp-content\/uploads\/2021\/03\/IMG_E2833-1536x2048.jpg 1536w, https:\/\/www.baltic-spots.de\/wp-content\/uploads\/2021\/03\/IMG_E2833-1140x1520.jpg 1140w, https:\/\/www.baltic-spots.de\/wp-content\/uploads\/2021\/03\/IMG_E2833-scaled.jpg 1920w\" sizes=\"auto, (max-width: 1800px) 100vw, 1800px\" \/><\/figure>\n\n\n\n<figure class=\"wp-block-image size-large\"><img loading=\"lazy\" decoding=\"async\" width=\"1800\" height=\"2400\" data-id=\"370\" src=\"https:\/\/www.baltic-spots.de\/wp-content\/uploads\/2021\/03\/IMG_1336-1800x2400.jpg\" alt=\"\" class=\"wp-image-370\" srcset=\"https:\/\/www.baltic-spots.de\/wp-content\/uploads\/2021\/03\/IMG_1336-1800x2400.jpg 1800w, https:\/\/www.baltic-spots.de\/wp-content\/uploads\/2021\/03\/IMG_1336-900x1200.jpg 900w, https:\/\/www.baltic-spots.de\/wp-content\/uploads\/2021\/03\/IMG_1336-38x50.jpg 38w, https:\/\/www.baltic-spots.de\/wp-content\/uploads\/2021\/03\/IMG_1336-768x1024.jpg 768w, https:\/\/www.baltic-spots.de\/wp-content\/uploads\/2021\/03\/IMG_1336-1152x1536.jpg 1152w, https:\/\/www.baltic-spots.de\/wp-content\/uploads\/2021\/03\/IMG_1336-1536x2048.jpg 1536w, https:\/\/www.baltic-spots.de\/wp-content\/uploads\/2021\/03\/IMG_1336-1140x1520.jpg 1140w, https:\/\/www.baltic-spots.de\/wp-content\/uploads\/2021\/03\/IMG_1336-scaled.jpg 1920w\" sizes=\"auto, (max-width: 1800px) 100vw, 1800px\" \/><\/figure>\n\n\n\n<figure class=\"wp-block-image size-large\"><img loading=\"lazy\" decoding=\"async\" width=\"1800\" height=\"2400\" data-id=\"372\" src=\"https:\/\/www.baltic-spots.de\/wp-content\/uploads\/2021\/03\/IMG_E0425-1800x2400.jpg\" alt=\"\" class=\"wp-image-372\" srcset=\"https:\/\/www.baltic-spots.de\/wp-content\/uploads\/2021\/03\/IMG_E0425-1800x2400.jpg 1800w, https:\/\/www.baltic-spots.de\/wp-content\/uploads\/2021\/03\/IMG_E0425-900x1200.jpg 900w, https:\/\/www.baltic-spots.de\/wp-content\/uploads\/2021\/03\/IMG_E0425-38x50.jpg 38w, https:\/\/www.baltic-spots.de\/wp-content\/uploads\/2021\/03\/IMG_E0425-768x1024.jpg 768w, https:\/\/www.baltic-spots.de\/wp-content\/uploads\/2021\/03\/IMG_E0425-1152x1536.jpg 1152w, https:\/\/www.baltic-spots.de\/wp-content\/uploads\/2021\/03\/IMG_E0425-1536x2048.jpg 1536w, https:\/\/www.baltic-spots.de\/wp-content\/uploads\/2021\/03\/IMG_E0425-1140x1520.jpg 1140w, https:\/\/www.baltic-spots.de\/wp-content\/uploads\/2021\/03\/IMG_E0425-scaled.jpg 1920w\" sizes=\"auto, (max-width: 1800px) 100vw, 1800px\" \/><\/figure>\n\n\n\n<figure class=\"wp-block-image size-large\"><img loading=\"lazy\" decoding=\"async\" width=\"1683\" height=\"2400\" data-id=\"374\" src=\"https:\/\/www.baltic-spots.de\/wp-content\/uploads\/2021\/03\/IMG_0179-1683x2400.jpg\" alt=\"\" class=\"wp-image-374\" srcset=\"https:\/\/www.baltic-spots.de\/wp-content\/uploads\/2021\/03\/IMG_0179-1683x2400.jpg 1683w, https:\/\/www.baltic-spots.de\/wp-content\/uploads\/2021\/03\/IMG_0179-842x1200.jpg 842w, https:\/\/www.baltic-spots.de\/wp-content\/uploads\/2021\/03\/IMG_0179-35x50.jpg 35w, https:\/\/www.baltic-spots.de\/wp-content\/uploads\/2021\/03\/IMG_0179-768x1095.jpg 768w, https:\/\/www.baltic-spots.de\/wp-content\/uploads\/2021\/03\/IMG_0179-1077x1536.jpg 1077w, https:\/\/www.baltic-spots.de\/wp-content\/uploads\/2021\/03\/IMG_0179-1436x2048.jpg 1436w, https:\/\/www.baltic-spots.de\/wp-content\/uploads\/2021\/03\/IMG_0179-1140x1625.jpg 1140w, https:\/\/www.baltic-spots.de\/wp-content\/uploads\/2021\/03\/IMG_0179-scaled.jpg 1796w\" sizes=\"auto, (max-width: 1683px) 100vw, 1683px\" \/><\/figure>\n\n\n\n<figure class=\"wp-block-image size-large\"><img loading=\"lazy\" decoding=\"async\" width=\"1972\" height=\"2400\" data-id=\"375\" src=\"https:\/\/www.baltic-spots.de\/wp-content\/uploads\/2021\/03\/IMG_0180-1972x2400.jpg\" alt=\"\" class=\"wp-image-375\" srcset=\"https:\/\/www.baltic-spots.de\/wp-content\/uploads\/2021\/03\/IMG_0180-1972x2400.jpg 1972w, https:\/\/www.baltic-spots.de\/wp-content\/uploads\/2021\/03\/IMG_0180-986x1200.jpg 986w, https:\/\/www.baltic-spots.de\/wp-content\/uploads\/2021\/03\/IMG_0180-41x50.jpg 41w, https:\/\/www.baltic-spots.de\/wp-content\/uploads\/2021\/03\/IMG_0180-768x935.jpg 768w, https:\/\/www.baltic-spots.de\/wp-content\/uploads\/2021\/03\/IMG_0180-1262x1536.jpg 1262w, https:\/\/www.baltic-spots.de\/wp-content\/uploads\/2021\/03\/IMG_0180-1682x2048.jpg 1682w, https:\/\/www.baltic-spots.de\/wp-content\/uploads\/2021\/03\/IMG_0180-1140x1388.jpg 1140w, https:\/\/www.baltic-spots.de\/wp-content\/uploads\/2021\/03\/IMG_0180.jpg 2048w\" sizes=\"auto, (max-width: 1972px) 100vw, 1972px\" \/><\/figure>\n\n\n\n<figure class=\"wp-block-image size-large\"><img loading=\"lazy\" decoding=\"async\" width=\"2048\" height=\"2239\" data-id=\"376\" src=\"https:\/\/www.baltic-spots.de\/wp-content\/uploads\/2021\/03\/IMG_0231.jpg\" alt=\"\" class=\"wp-image-376\" srcset=\"https:\/\/www.baltic-spots.de\/wp-content\/uploads\/2021\/03\/IMG_0231.jpg 2048w, https:\/\/www.baltic-spots.de\/wp-content\/uploads\/2021\/03\/IMG_0231-1098x1200.jpg 1098w, https:\/\/www.baltic-spots.de\/wp-content\/uploads\/2021\/03\/IMG_0231-46x50.jpg 46w, https:\/\/www.baltic-spots.de\/wp-content\/uploads\/2021\/03\/IMG_0231-768x840.jpg 768w, https:\/\/www.baltic-spots.de\/wp-content\/uploads\/2021\/03\/IMG_0231-1405x1536.jpg 1405w, https:\/\/www.baltic-spots.de\/wp-content\/uploads\/2021\/03\/IMG_0231-1873x2048.jpg 1873w, https:\/\/www.baltic-spots.de\/wp-content\/uploads\/2021\/03\/IMG_0231-1140x1246.jpg 1140w\" sizes=\"auto, (max-width: 2048px) 100vw, 2048px\" \/><figcaption class=\"wp-element-caption\">TJ mit seinem Vater Pumba<\/figcaption><\/figure>\n\n\n\n<figure class=\"wp-block-image size-large\"><img loading=\"lazy\" decoding=\"async\" width=\"851\" height=\"638\" data-id=\"377\" src=\"https:\/\/www.baltic-spots.de\/wp-content\/uploads\/2021\/03\/IMG_0234.jpg\" alt=\"\" class=\"wp-image-377\" srcset=\"https:\/\/www.baltic-spots.de\/wp-content\/uploads\/2021\/03\/IMG_0234.jpg 851w, https:\/\/www.baltic-spots.de\/wp-content\/uploads\/2021\/03\/IMG_0234-50x37.jpg 50w, https:\/\/www.baltic-spots.de\/wp-content\/uploads\/2021\/03\/IMG_0234-768x576.jpg 768w\" sizes=\"auto, (max-width: 851px) 100vw, 851px\" \/><\/figure>\n\n\n\n<figure class=\"wp-block-image size-large\"><img loading=\"lazy\" decoding=\"async\" width=\"1355\" height=\"2048\" data-id=\"378\" src=\"https:\/\/www.baltic-spots.de\/wp-content\/uploads\/2021\/03\/IMG_9271.jpg\" alt=\"\" class=\"wp-image-378\" srcset=\"https:\/\/www.baltic-spots.de\/wp-content\/uploads\/2021\/03\/IMG_9271.jpg 1355w, https:\/\/www.baltic-spots.de\/wp-content\/uploads\/2021\/03\/IMG_9271-794x1200.jpg 794w, https:\/\/www.baltic-spots.de\/wp-content\/uploads\/2021\/03\/IMG_9271-33x50.jpg 33w, https:\/\/www.baltic-spots.de\/wp-content\/uploads\/2021\/03\/IMG_9271-768x1161.jpg 768w, https:\/\/www.baltic-spots.de\/wp-content\/uploads\/2021\/03\/IMG_9271-1016x1536.jpg 1016w, https:\/\/www.baltic-spots.de\/wp-content\/uploads\/2021\/03\/IMG_9271-1140x1723.jpg 1140w\" sizes=\"auto, (max-width: 1355px) 100vw, 1355px\" \/><\/figure>\n\n\n\n<figure class=\"wp-block-image size-large\"><img loading=\"lazy\" decoding=\"async\" width=\"1831\" height=\"2048\" data-id=\"379\" src=\"https:\/\/www.baltic-spots.de\/wp-content\/uploads\/2021\/03\/IMG_9274.jpg\" alt=\"\" class=\"wp-image-379\" srcset=\"https:\/\/www.baltic-spots.de\/wp-content\/uploads\/2021\/03\/IMG_9274.jpg 1831w, https:\/\/www.baltic-spots.de\/wp-content\/uploads\/2021\/03\/IMG_9274-1073x1200.jpg 1073w, https:\/\/www.baltic-spots.de\/wp-content\/uploads\/2021\/03\/IMG_9274-45x50.jpg 45w, https:\/\/www.baltic-spots.de\/wp-content\/uploads\/2021\/03\/IMG_9274-768x859.jpg 768w, https:\/\/www.baltic-spots.de\/wp-content\/uploads\/2021\/03\/IMG_9274-1373x1536.jpg 1373w, https:\/\/www.baltic-spots.de\/wp-content\/uploads\/2021\/03\/IMG_9274-1140x1275.jpg 1140w\" sizes=\"auto, (max-width: 1831px) 100vw, 1831px\" \/><\/figure>\n\n\n\n<figure class=\"wp-block-image size-large\"><img loading=\"lazy\" decoding=\"async\" width=\"828\" height=\"625\" data-id=\"380\" src=\"https:\/\/www.baltic-spots.de\/wp-content\/uploads\/2021\/03\/IMG_9276.jpg\" alt=\"\" class=\"wp-image-380\" srcset=\"https:\/\/www.baltic-spots.de\/wp-content\/uploads\/2021\/03\/IMG_9276.jpg 828w, https:\/\/www.baltic-spots.de\/wp-content\/uploads\/2021\/03\/IMG_9276-50x38.jpg 50w, https:\/\/www.baltic-spots.de\/wp-content\/uploads\/2021\/03\/IMG_9276-768x580.jpg 768w\" sizes=\"auto, (max-width: 828px) 100vw, 828px\" \/><\/figure>\n\n\n\n<figure class=\"wp-block-image size-large\"><img loading=\"lazy\" decoding=\"async\" width=\"750\" height=\"1000\" data-id=\"381\" src=\"https:\/\/www.baltic-spots.de\/wp-content\/uploads\/2021\/03\/IMG_9809.jpg\" alt=\"\" class=\"wp-image-381\" srcset=\"https:\/\/www.baltic-spots.de\/wp-content\/uploads\/2021\/03\/IMG_9809.jpg 750w, https:\/\/www.baltic-spots.de\/wp-content\/uploads\/2021\/03\/IMG_9809-38x50.jpg 38w\" sizes=\"auto, (max-width: 750px) 100vw, 750px\" \/><\/figure>\n\n\n\n<figure class=\"wp-block-image size-large\"><img loading=\"lazy\" decoding=\"async\" width=\"2048\" height=\"1941\" data-id=\"382\" src=\"https:\/\/www.baltic-spots.de\/wp-content\/uploads\/2021\/03\/IMG_9811.jpg\" alt=\"\" class=\"wp-image-382\" srcset=\"https:\/\/www.baltic-spots.de\/wp-content\/uploads\/2021\/03\/IMG_9811.jpg 2048w, https:\/\/www.baltic-spots.de\/wp-content\/uploads\/2021\/03\/IMG_9811-1200x1137.jpg 1200w, https:\/\/www.baltic-spots.de\/wp-content\/uploads\/2021\/03\/IMG_9811-50x47.jpg 50w, https:\/\/www.baltic-spots.de\/wp-content\/uploads\/2021\/03\/IMG_9811-768x728.jpg 768w, https:\/\/www.baltic-spots.de\/wp-content\/uploads\/2021\/03\/IMG_9811-1536x1456.jpg 1536w, https:\/\/www.baltic-spots.de\/wp-content\/uploads\/2021\/03\/IMG_9811-1140x1080.jpg 1140w\" sizes=\"auto, (max-width: 2048px) 100vw, 2048px\" \/><\/figure>\n<\/figure>\n<\/div>\n<\/div>\n<\/div><\/div>\n<\/div>\n<\/div>\n\n\n\n<p><\/p>\n","protected":false},"excerpt":{"rendered":"<p>Deutscher Club Champion Price Spot\u00b4s Nordic Love Potion (aka TJ) Wurftag: 23.07.2020&nbsp;&nbsp;&nbsp;&nbsp;&nbsp;&nbsp;&nbsp;&nbsp; Geburtsland: Norwegen Farbe: wei\u00df &#8211; Schwarz, Audiometrie: beidseitig h\u00f6hrend, +\/+ Zahnstatus: Scherengebiss, P4 fehlt Gewicht: 33 kg Gr\u00f6\u00dfe:&nbsp;61 cm HD: A1 Z\u00fcchter: Silje Paulsen Vater: All About Spots Pumbaa Mutter: Price Spot\u00b4s Hope and Glory ZZP am 16.10.2022 mit Empfehlung auf Vollzahnige Partner bestanden. Richter Herr J\u00fcrgen Rotsch<\/p>\n","protected":false},"author":1,"featured_media":0,"parent":0,"menu_order":0,"comment_status":"closed","ping_status":"closed","template":"","meta":{"footnotes":""},"class_list":["post-94","page","type-page","status-publish","hentry"],"_links":{"self":[{"href":"https:\/\/www.baltic-spots.de\/index.php?rest_route=\/wp\/v2\/pages\/94","targetHints":{"allow":["GET"]}}],"collection":[{"href":"https:\/\/www.baltic-spots.de\/index.php?rest_route=\/wp\/v2\/pages"}],"about":[{"href":"https:\/\/www.baltic-spots.de\/index.php?rest_route=\/wp\/v2\/types\/page"}],"author":[{"embeddable":true,"href":"https:\/\/www.baltic-spots.de\/index.php?rest_route=\/wp\/v2\/users\/1"}],"replies":[{"embeddable":true,"href":"https:\/\/www.baltic-spots.de\/index.php?rest_route=%2Fwp%2Fv2%2Fcomments&post=94"}],"version-history":[{"count":17,"href":"https:\/\/www.baltic-spots.de\/index.php?rest_route=\/wp\/v2\/pages\/94\/revisions"}],"predecessor-version":[{"id":800,"href":"https:\/\/www.baltic-spots.de\/index.php?rest_route=\/wp\/v2\/pages\/94\/revisions\/800"}],"wp:attachment":[{"href":"https:\/\/www.baltic-spots.de\/index.php?rest_route=%2Fwp%2Fv2%2Fmedia&parent=94"}],"curies":[{"name":"wp","href":"https:\/\/api.w.org\/{rel}","templated":true}]}}