{"id":88,"date":"2021-02-21T14:44:28","date_gmt":"2021-02-21T13:44:28","guid":{"rendered":"http:\/\/www.baltic-spots.de\/?page_id=88"},"modified":"2021-03-10T16:40:28","modified_gmt":"2021-03-10T15:40:28","slug":"ueber-mich","status":"publish","type":"page","link":"https:\/\/www.baltic-spots.de\/?page_id=88","title":{"rendered":"\u00dcber mich"},"content":{"rendered":"\t\t<div data-elementor-type=\"wp-page\" data-elementor-id=\"88\" class=\"elementor elementor-88\" data-elementor-settings=\"[]\">\n\t\t\t\t\t\t\t<div class=\"elementor-section-wrap\">\n\t\t\t\t\t\t\t<section class=\"elementor-section elementor-top-section elementor-element elementor-element-6dec7e48 elementor-section-boxed elementor-section-height-default elementor-section-height-default\" data-id=\"6dec7e48\" data-element_type=\"section\">\n\t\t\t\t\t\t<div class=\"elementor-container elementor-column-gap-default\">\n\t\t\t\t\t<div class=\"elementor-column elementor-col-100 elementor-top-column elementor-element elementor-element-11930ba0\" data-id=\"11930ba0\" data-element_type=\"column\">\n\t\t\t<div class=\"elementor-widget-wrap elementor-element-populated\">\n\t\t\t\t\t\t\t\t<div class=\"elementor-element elementor-element-76b3c60b elementor-widget elementor-widget-text-editor\" data-id=\"76b3c60b\" data-element_type=\"widget\" data-widget_type=\"text-editor.default\">\n\t\t\t\t<div class=\"elementor-widget-container\">\n\t\t\t\t\t<div class=\"elementor-text-editor elementor-clearfix\"><p><!-- wp:paragraph --><\/p>\n<p>Mein Name ist Sabrina Martens, wohne in V\u00f6lkshagen in der N\u00e4he von Rostock an der sch\u00f6nen Ostsee.<\/p>\n<p><!-- \/wp:paragraph --><\/p>\n<p><!-- wp:paragraph --><\/p>\n<p>Ich wohne mit meinen beiden Jungs \u2013 Pepper &amp; TJ \u2013 in einer sch\u00f6nen Wohnung mit Garten und mit direktem Zugang zum Feld und Wald.<\/p>\n<p><!-- \/wp:paragraph --><\/p>\n<p><!-- wp:paragraph --><\/p>\n<p>Wir gehen jeden Tag sch\u00f6ne Runden durch den Wald spazieren oder am wundersch\u00f6nen Ostseestrand und genie\u00dfen die Natur. Bei schlechten Wetter legen wir uns nach dem Spaziergang sch\u00f6n auf die Couch vorm Kamin und kuscheln oder wir machen auch gerne Fotoshootings.<\/p>\n<p><!-- \/wp:paragraph --><\/p>\n<p><!-- wp:gallery {\"ids\":[116,117],\"linkTo\":\"none\"} --><\/p>\n<figure class=\"wp-block-gallery columns-2 is-cropped\">\n<ul class=\"blocks-gallery-grid\">\n<li class=\"blocks-gallery-item\">\n<figure><img loading=\"lazy\" decoding=\"async\" width=\"1600\" height=\"1205\" src=\"https:\/\/www.baltic-spots.de\/wp-content\/uploads\/2021\/02\/DEML6681.jpg\" alt=\"\" data-id=\"116\" data-full-url=\"https:\/\/www.baltic-spots.de\/wp-content\/uploads\/2021\/02\/DEML6681.jpg\" data-link=\"https:\/\/www.baltic-spots.de\/?attachment_id=116\" class=\"wp-image-116\" srcset=\"https:\/\/www.baltic-spots.de\/wp-content\/uploads\/2021\/02\/DEML6681.jpg 1600w, https:\/\/www.baltic-spots.de\/wp-content\/uploads\/2021\/02\/DEML6681-1200x904.jpg 1200w, https:\/\/www.baltic-spots.de\/wp-content\/uploads\/2021\/02\/DEML6681-50x38.jpg 50w, https:\/\/www.baltic-spots.de\/wp-content\/uploads\/2021\/02\/DEML6681-768x578.jpg 768w, https:\/\/www.baltic-spots.de\/wp-content\/uploads\/2021\/02\/DEML6681-1536x1157.jpg 1536w, https:\/\/www.baltic-spots.de\/wp-content\/uploads\/2021\/02\/DEML6681-1140x859.jpg 1140w\" sizes=\"auto, (max-width: 1600px) 100vw, 1600px\" \/><\/figure>\n<\/li>\n<li class=\"blocks-gallery-item\">\n<figure><img loading=\"lazy\" decoding=\"async\" width=\"2400\" height=\"1800\" src=\"https:\/\/www.baltic-spots.de\/wp-content\/uploads\/2021\/02\/IMG_1381-2400x1800.jpg\" alt=\"\" data-id=\"117\" data-full-url=\"https:\/\/www.baltic-spots.de\/wp-content\/uploads\/2021\/02\/IMG_1381-scaled.jpg\" data-link=\"https:\/\/www.baltic-spots.de\/?attachment_id=117\" class=\"wp-image-117\" srcset=\"https:\/\/www.baltic-spots.de\/wp-content\/uploads\/2021\/02\/IMG_1381-2400x1800.jpg 2400w, https:\/\/www.baltic-spots.de\/wp-content\/uploads\/2021\/02\/IMG_1381-1200x900.jpg 1200w, https:\/\/www.baltic-spots.de\/wp-content\/uploads\/2021\/02\/IMG_1381-50x38.jpg 50w, https:\/\/www.baltic-spots.de\/wp-content\/uploads\/2021\/02\/IMG_1381-768x576.jpg 768w, https:\/\/www.baltic-spots.de\/wp-content\/uploads\/2021\/02\/IMG_1381-1536x1152.jpg 1536w, https:\/\/www.baltic-spots.de\/wp-content\/uploads\/2021\/02\/IMG_1381-2048x1536.jpg 2048w, https:\/\/www.baltic-spots.de\/wp-content\/uploads\/2021\/02\/IMG_1381-1140x855.jpg 1140w\" sizes=\"auto, (max-width: 2400px) 100vw, 2400px\" \/><\/figure>\n<\/li>\n<\/ul>\n<\/figure>\n<p><!-- \/wp:gallery --><\/p>\n<p><!-- wp:paragraph --><\/p>\n<p>Seit 2014 habe ich meinen Dalmatiner Pepper und seitdem bin ich Dalmi s\u00fcchtig. Seit 2020 bereichert mein zweiter Dalmi der TJ mein Leben.<\/p>\n<p><!-- \/wp:paragraph --><\/p>\n<p><!-- wp:paragraph --><\/p>\n<p>Ein Leben ohne einen Dalmatiner kann ich mir nicht mehr vorstellen. Das ist mein Leben. Urlaube und Ausstellungen im In-und Ausland werden immer mit den Hunden geplant.<\/p>\n<p><!-- \/wp:paragraph --><\/p>\n<p><!-- wp:gallery {\"ids\":[119,120,121],\"linkTo\":\"none\"} --><\/p>\n<figure class=\"wp-block-gallery columns-3 is-cropped\">\n<ul class=\"blocks-gallery-grid\">\n<li class=\"blocks-gallery-item\">\n<figure><img loading=\"lazy\" decoding=\"async\" width=\"1600\" height=\"1553\" src=\"https:\/\/www.baltic-spots.de\/wp-content\/uploads\/2021\/02\/EQWJ1356.jpg\" alt=\"\" data-id=\"119\" data-full-url=\"https:\/\/www.baltic-spots.de\/wp-content\/uploads\/2021\/02\/EQWJ1356.jpg\" data-link=\"https:\/\/www.baltic-spots.de\/?attachment_id=119\" class=\"wp-image-119\" srcset=\"https:\/\/www.baltic-spots.de\/wp-content\/uploads\/2021\/02\/EQWJ1356.jpg 1600w, https:\/\/www.baltic-spots.de\/wp-content\/uploads\/2021\/02\/EQWJ1356-1200x1165.jpg 1200w, https:\/\/www.baltic-spots.de\/wp-content\/uploads\/2021\/02\/EQWJ1356-50x50.jpg 50w, https:\/\/www.baltic-spots.de\/wp-content\/uploads\/2021\/02\/EQWJ1356-768x745.jpg 768w, https:\/\/www.baltic-spots.de\/wp-content\/uploads\/2021\/02\/EQWJ1356-1536x1491.jpg 1536w, https:\/\/www.baltic-spots.de\/wp-content\/uploads\/2021\/02\/EQWJ1356-1140x1107.jpg 1140w\" sizes=\"auto, (max-width: 1600px) 100vw, 1600px\" \/><\/figure>\n<\/li>\n<li class=\"blocks-gallery-item\">\n<figure><img loading=\"lazy\" decoding=\"async\" width=\"2048\" height=\"1536\" src=\"https:\/\/www.baltic-spots.de\/wp-content\/uploads\/2021\/02\/IMG_0256.jpg\" alt=\"\" data-id=\"120\" data-full-url=\"https:\/\/www.baltic-spots.de\/wp-content\/uploads\/2021\/02\/IMG_0256.jpg\" data-link=\"https:\/\/www.baltic-spots.de\/?attachment_id=120\" class=\"wp-image-120\" srcset=\"https:\/\/www.baltic-spots.de\/wp-content\/uploads\/2021\/02\/IMG_0256.jpg 2048w, https:\/\/www.baltic-spots.de\/wp-content\/uploads\/2021\/02\/IMG_0256-1200x900.jpg 1200w, https:\/\/www.baltic-spots.de\/wp-content\/uploads\/2021\/02\/IMG_0256-50x38.jpg 50w, https:\/\/www.baltic-spots.de\/wp-content\/uploads\/2021\/02\/IMG_0256-768x576.jpg 768w, https:\/\/www.baltic-spots.de\/wp-content\/uploads\/2021\/02\/IMG_0256-1536x1152.jpg 1536w, https:\/\/www.baltic-spots.de\/wp-content\/uploads\/2021\/02\/IMG_0256-1140x855.jpg 1140w\" sizes=\"auto, (max-width: 2048px) 100vw, 2048px\" \/><\/figure>\n<\/li>\n<li class=\"blocks-gallery-item\">\n<figure><img loading=\"lazy\" decoding=\"async\" width=\"2400\" height=\"2400\" src=\"https:\/\/www.baltic-spots.de\/wp-content\/uploads\/2021\/02\/IMG_7008-2400x2400.jpg\" alt=\"\" data-id=\"121\" data-full-url=\"https:\/\/www.baltic-spots.de\/wp-content\/uploads\/2021\/02\/IMG_7008.jpg\" data-link=\"https:\/\/www.baltic-spots.de\/?attachment_id=121\" class=\"wp-image-121\" srcset=\"https:\/\/www.baltic-spots.de\/wp-content\/uploads\/2021\/02\/IMG_7008-2400x2400.jpg 2400w, https:\/\/www.baltic-spots.de\/wp-content\/uploads\/2021\/02\/IMG_7008-1200x1200.jpg 1200w, https:\/\/www.baltic-spots.de\/wp-content\/uploads\/2021\/02\/IMG_7008-50x50.jpg 50w, https:\/\/www.baltic-spots.de\/wp-content\/uploads\/2021\/02\/IMG_7008-768x768.jpg 768w, https:\/\/www.baltic-spots.de\/wp-content\/uploads\/2021\/02\/IMG_7008-1536x1536.jpg 1536w, https:\/\/www.baltic-spots.de\/wp-content\/uploads\/2021\/02\/IMG_7008-2048x2048.jpg 2048w, https:\/\/www.baltic-spots.de\/wp-content\/uploads\/2021\/02\/IMG_7008-1140x1140.jpg 1140w, https:\/\/www.baltic-spots.de\/wp-content\/uploads\/2021\/02\/IMG_7008-300x300.jpg 300w, https:\/\/www.baltic-spots.de\/wp-content\/uploads\/2021\/02\/IMG_7008-75x75.jpg 75w\" sizes=\"auto, (max-width: 2400px) 100vw, 2400px\" \/><\/figure>\n<\/li>\n<\/ul>\n<\/figure>\n<p><!-- \/wp:gallery --><\/p><\/div>\n\t\t\t\t<\/div>\n\t\t\t\t<\/div>\n\t\t\t\t\t<\/div>\n\t\t<\/div>\n\t\t\t\t\t\t\t<\/div>\n\t\t<\/section>\n\t\t\t\t\t\t<\/div>\n\t\t\t\t\t<\/div>\n\t\t","protected":false},"excerpt":{"rendered":"<p>Mein Name ist Sabrina Martens, wohne in V\u00f6lkshagen in der N\u00e4he von Rostock an der sch\u00f6nen Ostsee. Ich wohne mit meinen beiden Jungs \u2013 Pepper &amp; TJ \u2013 in einer sch\u00f6nen Wohnung mit Garten und mit direktem Zugang zum Feld und Wald. Wir gehen jeden Tag sch\u00f6ne Runden durch den Wald spazieren oder am wundersch\u00f6nen Ostseestrand und genie\u00dfen die Natur. Bei schlechten Wetter legen wir uns nach dem Spaziergang sch\u00f6n auf die Couch vorm Kamin und kuscheln oder wir machen auch gerne Fotoshootings. Seit 2014 habe ich meinen Dalmatiner Pepper und seitdem bin ich Dalmi s\u00fcchtig. Seit 2020 bereichert mein zweiter Dalmi der TJ mein Leben. Ein Leben ohne einen Dalmatiner kann ich mir nicht mehr vorstellen. Das ist mein Leben. Urlaube und Ausstellungen im In-und Ausland werden immer mit den Hunden geplant.<\/p>\n","protected":false},"author":1,"featured_media":0,"parent":0,"menu_order":0,"comment_status":"closed","ping_status":"closed","template":"","meta":{"footnotes":""},"class_list":["post-88","page","type-page","status-publish","hentry"],"_links":{"self":[{"href":"https:\/\/www.baltic-spots.de\/index.php?rest_route=\/wp\/v2\/pages\/88","targetHints":{"allow":["GET"]}}],"collection":[{"href":"https:\/\/www.baltic-spots.de\/index.php?rest_route=\/wp\/v2\/pages"}],"about":[{"href":"https:\/\/www.baltic-spots.de\/index.php?rest_route=\/wp\/v2\/types\/page"}],"author":[{"embeddable":true,"href":"https:\/\/www.baltic-spots.de\/index.php?rest_route=\/wp\/v2\/users\/1"}],"replies":[{"embeddable":true,"href":"https:\/\/www.baltic-spots.de\/index.php?rest_route=%2Fwp%2Fv2%2Fcomments&post=88"}],"version-history":[{"count":9,"href":"https:\/\/www.baltic-spots.de\/index.php?rest_route=\/wp\/v2\/pages\/88\/revisions"}],"predecessor-version":[{"id":589,"href":"https:\/\/www.baltic-spots.de\/index.php?rest_route=\/wp\/v2\/pages\/88\/revisions\/589"}],"wp:attachment":[{"href":"https:\/\/www.baltic-spots.de\/index.php?rest_route=%2Fwp%2Fv2%2Fmedia&parent=88"}],"curies":[{"name":"wp","href":"https:\/\/api.w.org\/{rel}","templated":true}]}}