{"id":762,"date":"2022-07-01T21:05:52","date_gmt":"2022-07-01T19:05:52","guid":{"rendered":"https:\/\/www.baltic-spots.de\/?page_id=762"},"modified":"2022-07-01T21:28:47","modified_gmt":"2022-07-01T19:28:47","slug":"deckakt-all-about-spots","status":"publish","type":"page","link":"https:\/\/www.baltic-spots.de\/?page_id=762","title":{"rendered":"Deckakt All About Spots"},"content":{"rendered":"\n<p>Kennel All About Spots<\/p>\n\n\n\n<p>H\u00fcndin: Spotdog\u00b4s Half Half<\/p>\n\n\n\n<p>Decktag: 11.02.2022<\/p>\n\n\n\n<p>Wurftag: 14.4.2022<\/p>\n\n\n\n<p>Wurf: 3 R\u00fcden (2w-b, 1w-s) und 5 H\u00fcndinnen (2w-b, 3w-s)<\/p>\n\n\n\n<ul class=\"wp-block-list\"><li>alle beidseitig h\u00f6rend<\/li><li>Keine Blauaugen, zwei Platten <\/li><\/ul>\n\n\n\n<figure class=\"wp-block-gallery has-nested-images columns-default is-cropped wp-block-gallery-1 is-layout-flex wp-block-gallery-is-layout-flex\">\n<figure class=\"wp-block-image size-large\"><img loading=\"lazy\" decoding=\"async\" width=\"1536\" height=\"2048\" data-id=\"771\" src=\"https:\/\/www.baltic-spots.de\/wp-content\/uploads\/2022\/07\/IMG_6081.jpg\" alt=\"\" class=\"wp-image-771\" srcset=\"https:\/\/www.baltic-spots.de\/wp-content\/uploads\/2022\/07\/IMG_6081.jpg 1536w, https:\/\/www.baltic-spots.de\/wp-content\/uploads\/2022\/07\/IMG_6081-900x1200.jpg 900w, https:\/\/www.baltic-spots.de\/wp-content\/uploads\/2022\/07\/IMG_6081-38x50.jpg 38w, https:\/\/www.baltic-spots.de\/wp-content\/uploads\/2022\/07\/IMG_6081-768x1024.jpg 768w, https:\/\/www.baltic-spots.de\/wp-content\/uploads\/2022\/07\/IMG_6081-1152x1536.jpg 1152w, https:\/\/www.baltic-spots.de\/wp-content\/uploads\/2022\/07\/IMG_6081-1140x1520.jpg 1140w\" sizes=\"auto, (max-width: 1536px) 100vw, 1536px\" \/><\/figure>\n\n\n\n<figure class=\"wp-block-image size-large\"><img loading=\"lazy\" decoding=\"async\" width=\"2400\" height=\"1800\" data-id=\"773\" src=\"https:\/\/www.baltic-spots.de\/wp-content\/uploads\/2022\/07\/IMG_6331-2400x1800.jpg\" alt=\"\" class=\"wp-image-773\" srcset=\"https:\/\/www.baltic-spots.de\/wp-content\/uploads\/2022\/07\/IMG_6331-2400x1800.jpg 2400w, https:\/\/www.baltic-spots.de\/wp-content\/uploads\/2022\/07\/IMG_6331-1200x900.jpg 1200w, https:\/\/www.baltic-spots.de\/wp-content\/uploads\/2022\/07\/IMG_6331-50x37.jpg 50w, https:\/\/www.baltic-spots.de\/wp-content\/uploads\/2022\/07\/IMG_6331-768x576.jpg 768w, https:\/\/www.baltic-spots.de\/wp-content\/uploads\/2022\/07\/IMG_6331-1536x1152.jpg 1536w, https:\/\/www.baltic-spots.de\/wp-content\/uploads\/2022\/07\/IMG_6331-2048x1536.jpg 2048w, https:\/\/www.baltic-spots.de\/wp-content\/uploads\/2022\/07\/IMG_6331-1140x855.jpg 1140w\" sizes=\"auto, (max-width: 2400px) 100vw, 2400px\" \/><\/figure>\n\n\n\n<figure class=\"wp-block-image size-large\"><img loading=\"lazy\" decoding=\"async\" width=\"2048\" height=\"1536\" data-id=\"770\" src=\"https:\/\/www.baltic-spots.de\/wp-content\/uploads\/2022\/07\/IMG_6333.jpg\" alt=\"\" class=\"wp-image-770\" srcset=\"https:\/\/www.baltic-spots.de\/wp-content\/uploads\/2022\/07\/IMG_6333.jpg 2048w, https:\/\/www.baltic-spots.de\/wp-content\/uploads\/2022\/07\/IMG_6333-1200x900.jpg 1200w, https:\/\/www.baltic-spots.de\/wp-content\/uploads\/2022\/07\/IMG_6333-50x38.jpg 50w, https:\/\/www.baltic-spots.de\/wp-content\/uploads\/2022\/07\/IMG_6333-768x576.jpg 768w, https:\/\/www.baltic-spots.de\/wp-content\/uploads\/2022\/07\/IMG_6333-1536x1152.jpg 1536w, https:\/\/www.baltic-spots.de\/wp-content\/uploads\/2022\/07\/IMG_6333-1140x855.jpg 1140w\" sizes=\"auto, (max-width: 2048px) 100vw, 2048px\" \/><\/figure>\n\n\n\n<figure class=\"wp-block-image size-large\"><img loading=\"lazy\" decoding=\"async\" width=\"2048\" height=\"1365\" data-id=\"772\" src=\"https:\/\/www.baltic-spots.de\/wp-content\/uploads\/2022\/07\/IMG_6530.jpg\" alt=\"\" class=\"wp-image-772\" srcset=\"https:\/\/www.baltic-spots.de\/wp-content\/uploads\/2022\/07\/IMG_6530.jpg 2048w, https:\/\/www.baltic-spots.de\/wp-content\/uploads\/2022\/07\/IMG_6530-1200x800.jpg 1200w, https:\/\/www.baltic-spots.de\/wp-content\/uploads\/2022\/07\/IMG_6530-50x33.jpg 50w, https:\/\/www.baltic-spots.de\/wp-content\/uploads\/2022\/07\/IMG_6530-768x512.jpg 768w, https:\/\/www.baltic-spots.de\/wp-content\/uploads\/2022\/07\/IMG_6530-1536x1024.jpg 1536w, https:\/\/www.baltic-spots.de\/wp-content\/uploads\/2022\/07\/IMG_6530-1140x760.jpg 1140w\" sizes=\"auto, (max-width: 2048px) 100vw, 2048px\" \/><\/figure>\n\n\n\n<figure class=\"wp-block-image size-large\"><img loading=\"lazy\" decoding=\"async\" width=\"2048\" height=\"1365\" data-id=\"768\" src=\"https:\/\/www.baltic-spots.de\/wp-content\/uploads\/2022\/07\/IMG_6534.jpg\" alt=\"\" class=\"wp-image-768\" srcset=\"https:\/\/www.baltic-spots.de\/wp-content\/uploads\/2022\/07\/IMG_6534.jpg 2048w, https:\/\/www.baltic-spots.de\/wp-content\/uploads\/2022\/07\/IMG_6534-1200x800.jpg 1200w, https:\/\/www.baltic-spots.de\/wp-content\/uploads\/2022\/07\/IMG_6534-50x33.jpg 50w, https:\/\/www.baltic-spots.de\/wp-content\/uploads\/2022\/07\/IMG_6534-768x512.jpg 768w, https:\/\/www.baltic-spots.de\/wp-content\/uploads\/2022\/07\/IMG_6534-1536x1024.jpg 1536w, https:\/\/www.baltic-spots.de\/wp-content\/uploads\/2022\/07\/IMG_6534-1140x760.jpg 1140w\" sizes=\"auto, (max-width: 2048px) 100vw, 2048px\" \/><\/figure>\n\n\n\n<figure class=\"wp-block-image size-large\"><img loading=\"lazy\" decoding=\"async\" width=\"750\" height=\"490\" data-id=\"769\" src=\"https:\/\/www.baltic-spots.de\/wp-content\/uploads\/2022\/07\/IMG_6570.jpg\" alt=\"\" class=\"wp-image-769\" srcset=\"https:\/\/www.baltic-spots.de\/wp-content\/uploads\/2022\/07\/IMG_6570.jpg 750w, https:\/\/www.baltic-spots.de\/wp-content\/uploads\/2022\/07\/IMG_6570-50x33.jpg 50w\" sizes=\"auto, (max-width: 750px) 100vw, 750px\" \/><\/figure>\n\n\n\n<figure class=\"wp-block-image size-large\"><img loading=\"lazy\" decoding=\"async\" width=\"750\" height=\"1000\" data-id=\"774\" src=\"https:\/\/www.baltic-spots.de\/wp-content\/uploads\/2022\/07\/IMG_6571.jpg\" alt=\"\" class=\"wp-image-774\" srcset=\"https:\/\/www.baltic-spots.de\/wp-content\/uploads\/2022\/07\/IMG_6571.jpg 750w, https:\/\/www.baltic-spots.de\/wp-content\/uploads\/2022\/07\/IMG_6571-38x50.jpg 38w\" sizes=\"auto, (max-width: 750px) 100vw, 750px\" \/><\/figure>\n<\/figure>\n\n\n\n<figure class=\"wp-block-gallery has-nested-images columns-default is-cropped wp-block-gallery-2 is-layout-flex wp-block-gallery-is-layout-flex\">\n<figure class=\"wp-block-image size-large\"><img loading=\"lazy\" decoding=\"async\" width=\"1800\" height=\"2400\" data-id=\"778\" src=\"https:\/\/www.baltic-spots.de\/wp-content\/uploads\/2022\/07\/IMG_6216-1800x2400.jpg\" alt=\"\" class=\"wp-image-778\" srcset=\"https:\/\/www.baltic-spots.de\/wp-content\/uploads\/2022\/07\/IMG_6216-1800x2400.jpg 1800w, https:\/\/www.baltic-spots.de\/wp-content\/uploads\/2022\/07\/IMG_6216-900x1200.jpg 900w, https:\/\/www.baltic-spots.de\/wp-content\/uploads\/2022\/07\/IMG_6216-37x50.jpg 37w, https:\/\/www.baltic-spots.de\/wp-content\/uploads\/2022\/07\/IMG_6216-768x1024.jpg 768w, https:\/\/www.baltic-spots.de\/wp-content\/uploads\/2022\/07\/IMG_6216-1152x1536.jpg 1152w, https:\/\/www.baltic-spots.de\/wp-content\/uploads\/2022\/07\/IMG_6216-1536x2048.jpg 1536w, https:\/\/www.baltic-spots.de\/wp-content\/uploads\/2022\/07\/IMG_6216-1140x1520.jpg 1140w, https:\/\/www.baltic-spots.de\/wp-content\/uploads\/2022\/07\/IMG_6216-scaled.jpg 1920w\" sizes=\"auto, (max-width: 1800px) 100vw, 1800px\" \/><\/figure>\n\n\n\n<figure class=\"wp-block-image size-large\"><img loading=\"lazy\" decoding=\"async\" width=\"1800\" height=\"2400\" data-id=\"777\" src=\"https:\/\/www.baltic-spots.de\/wp-content\/uploads\/2022\/07\/IMG_6217-1800x2400.jpg\" alt=\"\" class=\"wp-image-777\" srcset=\"https:\/\/www.baltic-spots.de\/wp-content\/uploads\/2022\/07\/IMG_6217-1800x2400.jpg 1800w, https:\/\/www.baltic-spots.de\/wp-content\/uploads\/2022\/07\/IMG_6217-900x1200.jpg 900w, https:\/\/www.baltic-spots.de\/wp-content\/uploads\/2022\/07\/IMG_6217-37x50.jpg 37w, https:\/\/www.baltic-spots.de\/wp-content\/uploads\/2022\/07\/IMG_6217-768x1024.jpg 768w, https:\/\/www.baltic-spots.de\/wp-content\/uploads\/2022\/07\/IMG_6217-1152x1536.jpg 1152w, https:\/\/www.baltic-spots.de\/wp-content\/uploads\/2022\/07\/IMG_6217-1536x2048.jpg 1536w, https:\/\/www.baltic-spots.de\/wp-content\/uploads\/2022\/07\/IMG_6217-1140x1520.jpg 1140w, https:\/\/www.baltic-spots.de\/wp-content\/uploads\/2022\/07\/IMG_6217-scaled.jpg 1920w\" sizes=\"auto, (max-width: 1800px) 100vw, 1800px\" \/><\/figure>\n\n\n\n<figure class=\"wp-block-image size-large\"><img loading=\"lazy\" decoding=\"async\" width=\"812\" height=\"1471\" data-id=\"775\" src=\"https:\/\/www.baltic-spots.de\/wp-content\/uploads\/2022\/07\/IMG_6283.jpg\" alt=\"\" class=\"wp-image-775\" srcset=\"https:\/\/www.baltic-spots.de\/wp-content\/uploads\/2022\/07\/IMG_6283.jpg 812w, https:\/\/www.baltic-spots.de\/wp-content\/uploads\/2022\/07\/IMG_6283-662x1200.jpg 662w, https:\/\/www.baltic-spots.de\/wp-content\/uploads\/2022\/07\/IMG_6283-28x50.jpg 28w, https:\/\/www.baltic-spots.de\/wp-content\/uploads\/2022\/07\/IMG_6283-768x1391.jpg 768w\" sizes=\"auto, (max-width: 812px) 100vw, 812px\" \/><\/figure>\n\n\n\n<figure class=\"wp-block-image size-large\"><img loading=\"lazy\" decoding=\"async\" width=\"720\" height=\"960\" data-id=\"776\" src=\"https:\/\/www.baltic-spots.de\/wp-content\/uploads\/2022\/07\/IMG_6613.jpg\" alt=\"\" class=\"wp-image-776\" srcset=\"https:\/\/www.baltic-spots.de\/wp-content\/uploads\/2022\/07\/IMG_6613.jpg 720w, https:\/\/www.baltic-spots.de\/wp-content\/uploads\/2022\/07\/IMG_6613-38x50.jpg 38w\" sizes=\"auto, (max-width: 720px) 100vw, 720px\" \/><\/figure>\n<\/figure>\n","protected":false},"excerpt":{"rendered":"<p>Kennel All About Spots H\u00fcndin: Spotdog\u00b4s Half Half Decktag: 11.02.2022 Wurftag: 14.4.2022 Wurf: 3 R\u00fcden (2w-b, 1w-s) und 5 H\u00fcndinnen (2w-b, 3w-s) alle beidseitig h\u00f6rend Keine Blauaugen, zwei Platten<\/p>\n","protected":false},"author":1,"featured_media":0,"parent":0,"menu_order":0,"comment_status":"closed","ping_status":"closed","template":"","meta":{"footnotes":""},"class_list":["post-762","page","type-page","status-publish","hentry"],"_links":{"self":[{"href":"https:\/\/www.baltic-spots.de\/index.php?rest_route=\/wp\/v2\/pages\/762","targetHints":{"allow":["GET"]}}],"collection":[{"href":"https:\/\/www.baltic-spots.de\/index.php?rest_route=\/wp\/v2\/pages"}],"about":[{"href":"https:\/\/www.baltic-spots.de\/index.php?rest_route=\/wp\/v2\/types\/page"}],"author":[{"embeddable":true,"href":"https:\/\/www.baltic-spots.de\/index.php?rest_route=\/wp\/v2\/users\/1"}],"replies":[{"embeddable":true,"href":"https:\/\/www.baltic-spots.de\/index.php?rest_route=%2Fwp%2Fv2%2Fcomments&post=762"}],"version-history":[{"count":6,"href":"https:\/\/www.baltic-spots.de\/index.php?rest_route=\/wp\/v2\/pages\/762\/revisions"}],"predecessor-version":[{"id":780,"href":"https:\/\/www.baltic-spots.de\/index.php?rest_route=\/wp\/v2\/pages\/762\/revisions\/780"}],"wp:attachment":[{"href":"https:\/\/www.baltic-spots.de\/index.php?rest_route=%2Fwp%2Fv2%2Fmedia&parent=762"}],"curies":[{"name":"wp","href":"https:\/\/api.w.org\/{rel}","templated":true}]}}