{"id":675,"date":"2022-01-16T11:10:17","date_gmt":"2022-01-16T10:10:17","guid":{"rendered":"https:\/\/www.baltic-spots.de\/?page_id=675"},"modified":"2022-01-16T11:10:17","modified_gmt":"2022-01-16T10:10:17","slug":"sofort-verkaeufe","status":"publish","type":"page","link":"https:\/\/www.baltic-spots.de\/?page_id=675","title":{"rendered":"Sofort Verk\u00e4ufe"},"content":{"rendered":"\n<p>Hier K\u00f6nnt Ihr meine Produkt sehen, die Ihr sofort K\u00e4uflich erwerben k\u00f6nnt&#8230;<\/p>\n\n\n\n<p><\/p>\n","protected":false},"excerpt":{"rendered":"<p>Hier K\u00f6nnt Ihr meine Produkt sehen, die Ihr sofort K\u00e4uflich erwerben k\u00f6nnt&#8230;<\/p>\n","protected":false},"author":1,"featured_media":0,"parent":0,"menu_order":0,"comment_status":"closed","ping_status":"closed","template":"","meta":{"footnotes":""},"class_list":["post-675","page","type-page","status-publish","hentry"],"_links":{"self":[{"href":"https:\/\/www.baltic-spots.de\/index.php?rest_route=\/wp\/v2\/pages\/675","targetHints":{"allow":["GET"]}}],"collection":[{"href":"https:\/\/www.baltic-spots.de\/index.php?rest_route=\/wp\/v2\/pages"}],"about":[{"href":"https:\/\/www.baltic-spots.de\/index.php?rest_route=\/wp\/v2\/types\/page"}],"author":[{"embeddable":true,"href":"https:\/\/www.baltic-spots.de\/index.php?rest_route=\/wp\/v2\/users\/1"}],"replies":[{"embeddable":true,"href":"https:\/\/www.baltic-spots.de\/index.php?rest_route=%2Fwp%2Fv2%2Fcomments&post=675"}],"version-history":[{"count":2,"href":"https:\/\/www.baltic-spots.de\/index.php?rest_route=\/wp\/v2\/pages\/675\/revisions"}],"predecessor-version":[{"id":760,"href":"https:\/\/www.baltic-spots.de\/index.php?rest_route=\/wp\/v2\/pages\/675\/revisions\/760"}],"wp:attachment":[{"href":"https:\/\/www.baltic-spots.de\/index.php?rest_route=%2Fwp%2Fv2%2Fmedia&parent=675"}],"curies":[{"name":"wp","href":"https:\/\/api.w.org\/{rel}","templated":true}]}}