{"id":50,"date":"2021-02-21T12:37:33","date_gmt":"2021-02-21T11:37:33","guid":{"rendered":"http:\/\/www.baltic-spots.de\/?page_id=50"},"modified":"2022-01-16T12:16:07","modified_gmt":"2022-01-16T11:16:07","slug":"news","status":"publish","type":"page","link":"https:\/\/www.baltic-spots.de\/?page_id=50","title":{"rendered":"News"},"content":{"rendered":"\t\t<div data-elementor-type=\"wp-page\" data-elementor-id=\"50\" class=\"elementor elementor-50\" data-elementor-settings=\"[]\">\n\t\t\t\t\t\t\t<div class=\"elementor-section-wrap\">\n\t\t\t\t\t\t\t<section class=\"elementor-section elementor-top-section elementor-element elementor-element-57375521 elementor-section-boxed elementor-section-height-default elementor-section-height-default\" data-id=\"57375521\" data-element_type=\"section\">\n\t\t\t\t\t\t<div class=\"elementor-container elementor-column-gap-default\">\n\t\t\t\t\t<div class=\"elementor-column elementor-col-100 elementor-top-column elementor-element elementor-element-2119bcf\" data-id=\"2119bcf\" data-element_type=\"column\">\n\t\t\t<div class=\"elementor-widget-wrap elementor-element-populated\">\n\t\t\t\t\t\t\t\t<div class=\"elementor-element elementor-element-10c18499 elementor-widget elementor-widget-text-editor\" data-id=\"10c18499\" data-element_type=\"widget\" data-widget_type=\"text-editor.default\">\n\t\t\t\t<div class=\"elementor-widget-container\">\n\t\t\t\t\t<div class=\"elementor-text-editor elementor-clearfix\"><p><!-- wp:paragraph --><\/p>\n<h1>News 2021<\/h1>\n<p class=\"p1\"><span class=\"s1\">Eigentlich wollte ich mich im alten Jahr nochmal zu Wort melden aber leider gab es Computer Probleme. Im letzten Jahr habe ich nicht viel geschrieben, denn es ist im Jahr 2021 auch nicht wirklich so viel passiert (dank Corona wieder).\u00a0<\/span><\/p>\n<p class=\"p3\"><span class=\"s2\">Am 26.06.2021 waren wir auf der Regionalgruppenausstellung Nord in Riede.\u00a0<\/span><\/p>\n<p class=\"p3\"><span class=\"s2\">Richterin war Viola Speier.\u00a0<\/span><\/p>\n<p class=\"p3\"><span class=\"s2\">TJ nahm in der Jugendklasse R\u00fcden\u00a0 (10\/11) teil und erhielt ein V2 CAC J. res\u00a0<\/span><\/p>\n<p class=\"p3\"><span class=\"s2\">Pepper nahm in der Championklasse R\u00fcden\u00a0 (3\/3) teil und erhielt ein V1 CAC\u00a0<\/span><\/p>\n<p class=\"p3\"><span class=\"s2\">Ich bin so stolz auf meine Jungs.\u00a0<\/span><span class=\"s3\"><img decoding=\"async\" class=\"emoji\" role=\"img\" draggable=\"false\" src=\"https:\/\/s.w.org\/images\/core\/emoji\/13.1.0\/svg\/1f970.svg\" alt=\"\ud83e\udd70\" \/><\/span><\/p>\n<p class=\"p3\"><span class=\"s2\">Besonders auf TJ, es war seine erste Ausstellung und er hat es sehr gut gemacht bei so vielen Konkurrenten in seiner Klasse.\u00a0<\/span><\/p>\n<p class=\"p3\"><span class=\"s2\">Es war ein erfolgreiches und sch\u00f6nes Ausstellungs Wochenende nach so langer Zeit!\u00a0<\/span><\/p>\n<p>\u00a0<\/p>\n<p class=\"p3\"><span class=\"s2\">Am 16.10.2021 nahmen wir an der Internationale Rassehunde Ausstellung in Rostock teil.\u00a0<\/span><\/p>\n<p class=\"p3\"><span class=\"s2\">Richter war J\u00fcrgen Rotsch.\u00a0<\/span><\/p>\n<p class=\"p3\"><span class=\"s2\">TJ hat in seiner Jugendklasse R\u00fcden\u00a0\u00a0<\/span><\/p>\n<p class=\"p3\"><span class=\"s2\">ein V2 CAC J. res bekommen.\u00a0<\/span><\/p>\n<p class=\"p3\"><span class=\"s2\">Und die Zuchtzulassung hat er auch bestanden\u00a0<\/span><span class=\"s3\"><img decoding=\"async\" class=\"emoji\" role=\"img\" draggable=\"false\" src=\"https:\/\/s.w.org\/images\/core\/emoji\/13.1.0\/svg\/1f917.svg\" alt=\"\ud83e\udd17\" \/><\/span><span class=\"s2\">\u00a0<\/span><\/p>\n<p class=\"p3\"><span class=\"s2\">Ich bin sehr stolz auf TJ.\u00a0<\/span><span class=\"s3\"><img decoding=\"async\" class=\"emoji\" role=\"img\" draggable=\"false\" src=\"https:\/\/s.w.org\/images\/core\/emoji\/13.1.0\/svg\/1f970.svg\" alt=\"\ud83e\udd70\" \/><\/span><\/p>\n<p class=\"p3\"><span class=\"s2\">Pepper war bei der Ausstellung nicht mit dabei. Er hatte sich einen entspannten Tag zu Hause gemacht.\u00a0<\/span><span class=\"s3\"><img decoding=\"async\" class=\"emoji\" role=\"img\" draggable=\"false\" src=\"https:\/\/s.w.org\/images\/core\/emoji\/13.1.0\/svg\/1f605.svg\" alt=\"\ud83d\ude05\" \/><\/span><span class=\"s2\">\u00a0Denn er ist schon Deutscher und internationaler Champion und hat den anderen tollen R\u00fcden den Vorrang gelassen.\u00a0<\/span><span class=\"s3\"><img decoding=\"async\" class=\"emoji\" role=\"img\" draggable=\"false\" src=\"https:\/\/s.w.org\/images\/core\/emoji\/13.1.0\/svg\/1f609.svg\" alt=\"\ud83d\ude09\" \/><\/span><span class=\"s2\">\u00a0n\u00e4chstes Jahr darf Pepper dann in der Veteranen Klasse starten\u00a0<\/span><span class=\"s3\"><img decoding=\"async\" class=\"emoji\" role=\"img\" draggable=\"false\" src=\"https:\/\/s.w.org\/images\/core\/emoji\/13.1.0\/svg\/1f970.svg\" alt=\"\ud83e\udd70\" \/><\/span><span class=\"s2\">\u00a0<\/span><\/p>\n<p>\u00a0<\/p>\n<p class=\"p3\"><span class=\"s2\">Sonst haben wir nichts weiter neues zu berichten.\u00a0<\/span><\/p>\n<p class=\"p3\"><span class=\"s2\">Schaut immer mal in meinem Shop rein, denn es werden in n\u00e4chster Zeit neue Artikel rein kommen.\u00a0<\/span><\/p>\n<p class=\"p3\"><span class=\"s2\">F\u00fcr n\u00e4chstes Jahr steht einbisschen was auf unserer Liste und ich bin gespannt was wir davon alles so erleben d\u00fcrfen.\u00a0<\/span><\/p>\n<p class=\"p3\"><span class=\"s2\">Wir w\u00fcnschen euch allen ein Gesundes Neues Jahr. Bleibt Gesund eure Baltic Spots Dalmatiner\u00a0<\/span><\/p>\n<p>\u00a0<\/p>\n<h1><strong>News 2020<\/strong><\/h1>\n<p>Abholung von TJ (Price Spot\u00b4s Nordic Love Potion) am 14.11.2020<\/p>\n<p><!-- \/wp:paragraph --><\/p>\n<p><!-- wp:paragraph --><\/p>\n<p>Es ist schon etwas her aber diese Story w\u00fcrde ich trotzdem gleich in die News mit rein nehmen.<\/p>\n<p><!-- \/wp:paragraph --><\/p>\n<p><!-- wp:paragraph --><\/p>\n<p>Im Sommer 2020 entschied ich mich einen zweiten R\u00fcden zu holen. Um neues Blut nach Deutschland zu holen, habe ich mich f\u00fcr die Zuchtst\u00e4tte Price Spot\u00b4s aus Norwegen entschieden. Die Verpaarung von Price Spot\u00b4s Hope and Glory &amp; All About Spot\u00b4s Pumbaa fand ich sehr sch\u00f6n und habe dann den Kontakt zu Silje aufgenommen. Ich habe zu ihr gesagt, dass ich an einen schwarz\/wei\u00dfen R\u00fcde interessiert bin. Bei ihrem N Wurf waren 3 schwarz\/wei\u00df e R\u00fcden dabei, die Entscheidung war schwer denn alle drei sahen so toll aus. Sie hat mir immer Fotos geschickt und die Entscheidung fiel dann auf Herrn Gelb.<\/p>\n<p><!-- \/wp:paragraph --><\/p>\n<p><!-- wp:paragraph --><\/p>\n<p>Da er aus dem Ausland kommt, musste ich bis zur 16. Woche warten um ihn endlich holen zu k\u00f6nnen. Silje hat TJ blendend vor erzogen in der Zeit. Mitte November war es dann eigentlich soweit. Aber dank Corona war das noch ein auf und ein ab mit den ganzen Grenzschlie\u00dfungen, Regelungen und und und, \u201eich will doch nur meinen Hund\u201e habe ich immer gedacht.<\/p>\n<p><!-- \/wp:paragraph --><\/p>\n<p><!-- wp:paragraph --><\/p>\n<p>Norwegen hat im Oktober die Grenzen dicht gemacht und somit kam Silje nicht raus aus dem Land. Wir haben Amanda aus Schweden mit ins Boot geholt, ihr R\u00fcde ist der Vater von TJ. Hier auch nochmal einen lieben Dank an Amanda das sie sich die Zeit f\u00fcr mich genommen hat. Amanda ist an die norwegische grenze gefahren und hat TJ dort abgeholt, ist mit ihm nach G\u00f6teborg zur AEP Untersuchung gefahren und hat ihn dann mit zu sich nach Hause nach S\u00fcd Schweden genommen.<\/p>\n<p><!-- \/wp:paragraph --><\/p>\n<p><!-- wp:paragraph --><\/p>\n<p>Am 14.11.2020, ein Tag nach meinem Geburtstag bin ich mit meiner Mutti fr\u00fch morgens vom Rostocker Hafen mit der Stena Line Richtung Schweden losgefahren. Nach ca 6 Std. sind wir in Trelleborg angekommen. Meine Aufregung stieg, denn nicht mehr lange und ich habe meinen Hund endlich. Das Schiff legte an, meine Mutti blieb mit den Sachen an Bord. Ich stieg in den Shuttle Bus und fuhr zum Terminal. Auf dem Parkplatz sah ich schon Amanda. Ich bin gleich zu ihr hin und sie holte TJ schon aus dem Auto raus. Es war ein so \u00fcberw\u00e4ltigendes Gef\u00fchl endlich meinen \u201eBaby Boy\u201c im Arm zu halten, denn auch er viel mir gleich um den Hals. Die Chemie zwischen uns stimmte sofort. Amanda hatte auch Pumba dabei gehabt, TJ sein Papa. Was f\u00fcr ein sch\u00f6ner R\u00fcde. Die \u00dcbergabe War kurz von Hund und Taschen und dann wieder ins Terminal und zur\u00fcck aufs Schiff. meine Mutti wartete an Bord und als sie uns sah war auch bei ihr die Freude gro\u00df und auch ihr viel TJ um den Hals. Die F\u00e4hrfahrt von 6 Std. hat TJ sehr gut \u00fcberstanden, die meiste Zeit hat er geschlafen somit verging die Zeit wie im Fluge. Gegen 22 Uhr waren wir endlich bei mir zu Hause angekommen und TJ hat seinen gro\u00dfen neuen Freund Pepper kennengelernt. Das erste sehen und kennenlernen war sehr entspannt und sch\u00f6n mit anzusehen. Sie haben sich auf Anhieb verstanden.<\/p>\n<p><!-- \/wp:paragraph --><\/p>\n<p><!-- wp:paragraph --><\/p>\n<p>Nach vielen aufregenden Monaten, Auf und ab\u00b4s durch Corona, ob ich nun fahren kann oder nicht, ob ich ihn bekomme oder nicht und wer wei\u00df wie viele Fragen noch waren. Viel mir dann ein gro\u00dfer Stein vom Herzen und man konnte wieder aufatmen. Es war ein toller aufregender Trip gewesen. Geplant ist nun wenn Corona entspannter oder ganz vorbei ist, nach Norwegen und Schweden zu fahren.<\/p>\n<p><!-- \/wp:paragraph --><\/p>\n<p><!-- wp:gallery {\"ids\":[84,85,86],\"linkTo\":\"none\"} --><\/p>\n<figure class=\"wp-block-gallery columns-3 is-cropped\">\n<ul class=\"blocks-gallery-grid\">\n<li class=\"blocks-gallery-item\">\n<figure><img loading=\"lazy\" decoding=\"async\" width=\"480\" height=\"640\" class=\"wp-image-84\" src=\"https:\/\/www.baltic-spots.de\/wp-content\/uploads\/2021\/02\/IMG_0246.jpg\" alt=\"\" data-id=\"84\" data-full-url=\"https:\/\/www.baltic-spots.de\/wp-content\/uploads\/2021\/02\/IMG_0246.jpg\" data-link=\"https:\/\/www.baltic-spots.de\/?attachment_id=84\" srcset=\"https:\/\/www.baltic-spots.de\/wp-content\/uploads\/2021\/02\/IMG_0246.jpg 480w, https:\/\/www.baltic-spots.de\/wp-content\/uploads\/2021\/02\/IMG_0246-38x50.jpg 38w\" sizes=\"auto, (max-width: 480px) 100vw, 480px\" \/>\n<p>\u00a0<\/p>\n<figcaption class=\"blocks-gallery-item__caption\">In Trelleborg<\/figcaption>\n<\/figure>\n<\/li>\n<li class=\"blocks-gallery-item\">\n<figure><img loading=\"lazy\" decoding=\"async\" width=\"1800\" height=\"2400\" class=\"wp-image-85\" src=\"https:\/\/www.baltic-spots.de\/wp-content\/uploads\/2021\/02\/IMG_0263-1800x2400.jpg\" alt=\"\" data-id=\"85\" data-full-url=\"https:\/\/www.baltic-spots.de\/wp-content\/uploads\/2021\/02\/IMG_0263-scaled.jpg\" data-link=\"https:\/\/www.baltic-spots.de\/?attachment_id=85\" srcset=\"https:\/\/www.baltic-spots.de\/wp-content\/uploads\/2021\/02\/IMG_0263-1800x2400.jpg 1800w, https:\/\/www.baltic-spots.de\/wp-content\/uploads\/2021\/02\/IMG_0263-900x1200.jpg 900w, https:\/\/www.baltic-spots.de\/wp-content\/uploads\/2021\/02\/IMG_0263-38x50.jpg 38w, https:\/\/www.baltic-spots.de\/wp-content\/uploads\/2021\/02\/IMG_0263-768x1024.jpg 768w, https:\/\/www.baltic-spots.de\/wp-content\/uploads\/2021\/02\/IMG_0263-1152x1536.jpg 1152w, https:\/\/www.baltic-spots.de\/wp-content\/uploads\/2021\/02\/IMG_0263-1536x2048.jpg 1536w, https:\/\/www.baltic-spots.de\/wp-content\/uploads\/2021\/02\/IMG_0263-1140x1520.jpg 1140w, https:\/\/www.baltic-spots.de\/wp-content\/uploads\/2021\/02\/IMG_0263-scaled.jpg 1920w\" sizes=\"auto, (max-width: 1800px) 100vw, 1800px\" \/>\n<p>\u00a0<\/p>\n<figcaption class=\"blocks-gallery-item__caption\">Auf dem Schiff<\/figcaption>\n<\/figure>\n<\/li>\n<li class=\"blocks-gallery-item\">\n<figure><img loading=\"lazy\" decoding=\"async\" width=\"1800\" height=\"2400\" class=\"wp-image-86\" src=\"https:\/\/www.baltic-spots.de\/wp-content\/uploads\/2021\/02\/IMG_0887-1800x2400.jpg\" alt=\"\" data-id=\"86\" data-full-url=\"https:\/\/www.baltic-spots.de\/wp-content\/uploads\/2021\/02\/IMG_0887-scaled.jpg\" data-link=\"https:\/\/www.baltic-spots.de\/?attachment_id=86\" srcset=\"https:\/\/www.baltic-spots.de\/wp-content\/uploads\/2021\/02\/IMG_0887-1800x2400.jpg 1800w, https:\/\/www.baltic-spots.de\/wp-content\/uploads\/2021\/02\/IMG_0887-900x1200.jpg 900w, https:\/\/www.baltic-spots.de\/wp-content\/uploads\/2021\/02\/IMG_0887-38x50.jpg 38w, https:\/\/www.baltic-spots.de\/wp-content\/uploads\/2021\/02\/IMG_0887-768x1024.jpg 768w, https:\/\/www.baltic-spots.de\/wp-content\/uploads\/2021\/02\/IMG_0887-1152x1536.jpg 1152w, https:\/\/www.baltic-spots.de\/wp-content\/uploads\/2021\/02\/IMG_0887-1536x2048.jpg 1536w, https:\/\/www.baltic-spots.de\/wp-content\/uploads\/2021\/02\/IMG_0887-1140x1520.jpg 1140w, https:\/\/www.baltic-spots.de\/wp-content\/uploads\/2021\/02\/IMG_0887-scaled.jpg 1920w\" sizes=\"auto, (max-width: 1800px) 100vw, 1800px\" \/>\n<p>\u00a0<\/p>\n<figcaption class=\"blocks-gallery-item__caption\">Zu Hause angekommen<\/figcaption>\n<\/figure>\n<\/li>\n<\/ul>\n<\/figure>\n<p><!-- \/wp:gallery --><\/p>\n<p><!-- wp:paragraph --><\/p>\n<p><!-- \/wp:paragraph --><\/p>\n<div>\u00a0<\/div>\n<div>\u00a0<\/div><\/div>\n\t\t\t\t<\/div>\n\t\t\t\t<\/div>\n\t\t\t\t\t<\/div>\n\t\t<\/div>\n\t\t\t\t\t\t\t<\/div>\n\t\t<\/section>\n\t\t\t\t<section class=\"elementor-section elementor-top-section elementor-element elementor-element-2198063 elementor-section-boxed elementor-section-height-default elementor-section-height-default\" data-id=\"2198063\" data-element_type=\"section\">\n\t\t\t\t\t\t<div class=\"elementor-container elementor-column-gap-default\">\n\t\t\t\t\t<div class=\"elementor-column elementor-col-100 elementor-top-column elementor-element elementor-element-2a2fe10\" data-id=\"2a2fe10\" data-element_type=\"column\">\n\t\t\t<div class=\"elementor-widget-wrap elementor-element-populated\">\n\t\t\t\t\t\t\t\t<div class=\"elementor-element elementor-element-519db38 elementor-widget elementor-widget-text-editor\" data-id=\"519db38\" data-element_type=\"widget\" data-widget_type=\"text-editor.default\">\n\t\t\t\t<div class=\"elementor-widget-container\">\n\t\t\t\t\t<div class=\"elementor-text-editor elementor-clearfix\"><\/div>\n\t\t\t\t<\/div>\n\t\t\t\t<\/div>\n\t\t\t\t\t<\/div>\n\t\t<\/div>\n\t\t\t\t\t\t\t<\/div>\n\t\t<\/section>\n\t\t\t\t<section class=\"elementor-section elementor-top-section elementor-element elementor-element-b6f49bc elementor-section-boxed elementor-section-height-default elementor-section-height-default\" data-id=\"b6f49bc\" data-element_type=\"section\">\n\t\t\t\t\t\t<div class=\"elementor-container elementor-column-gap-default\">\n\t\t\t\t\t<div class=\"elementor-column elementor-col-100 elementor-top-column elementor-element elementor-element-32aa8d4\" data-id=\"32aa8d4\" data-element_type=\"column\">\n\t\t\t<div class=\"elementor-widget-wrap elementor-element-populated\">\n\t\t\t\t\t\t\t\t<div class=\"elementor-element elementor-element-5819595 elementor-widget elementor-widget-text-editor\" data-id=\"5819595\" data-element_type=\"widget\" data-widget_type=\"text-editor.default\">\n\t\t\t\t<div class=\"elementor-widget-container\">\n\t\t\t\t\t<div class=\"elementor-text-editor elementor-clearfix\"><p>\u00a0<\/p>\n<p>\u00a0<\/p>\n<p>\u00a0<\/p>\n<p>\u00a0<\/p>\n<p>\u00a0<\/p>\n<p>\u00a0<\/p>\n<p>\u00a0<\/p>\n<p>\u00a0<\/p>\n<p>\u00a0<\/p>\n<p>\u00a0<\/p><\/div>\n\t\t\t\t<\/div>\n\t\t\t\t<\/div>\n\t\t\t\t\t<\/div>\n\t\t<\/div>\n\t\t\t\t\t\t\t<\/div>\n\t\t<\/section>\n\t\t\t\t\t\t<\/div>\n\t\t\t\t\t<\/div>\n\t\t","protected":false},"excerpt":{"rendered":"<p>News 2021 Eigentlich wollte ich mich im alten Jahr nochmal zu Wort melden aber leider gab es Computer Probleme. Im letzten Jahr habe ich nicht viel geschrieben, denn es ist im Jahr 2021 auch nicht wirklich so viel passiert (dank Corona wieder).\u00a0 Am 26.06.2021 waren wir auf der Regionalgruppenausstellung Nord in Riede.\u00a0 Richterin war Viola Speier.\u00a0 TJ nahm in der Jugendklasse R\u00fcden\u00a0 (10\/11) teil und erhielt ein V2 CAC J. res\u00a0 Pepper nahm in der Championklasse R\u00fcden\u00a0 (3\/3) teil und erhielt ein V1 CAC\u00a0 Ich bin so stolz auf meine Jungs.\u00a0 Besonders auf TJ, es war seine erste Ausstellung und er hat es sehr gut gemacht bei so vielen Konkurrenten in seiner Klasse.\u00a0 Es war ein erfolgreiches und sch\u00f6nes Ausstellungs Wochenende nach so langer Zeit!\u00a0 \u00a0 Am 16.10.2021 nahmen wir an der Internationale Rassehunde Ausstellung in Rostock teil.\u00a0 Richter war J\u00fcrgen Rotsch.\u00a0 TJ hat in seiner Jugendklasse R\u00fcden\u00a0\u00a0 ein V2 CAC J. res bekommen.\u00a0 Und die Zuchtzulassung hat er auch bestanden\u00a0\u00a0 Ich bin sehr stolz auf TJ.\u00a0 Pepper war bei der Ausstellung nicht mit dabei. Er hatte sich einen entspannten Tag zu Hause gemacht.\u00a0\u00a0Denn er ist schon Deutscher und internationaler Champion und hat den anderen tollen R\u00fcden den Vorrang gelassen.\u00a0\u00a0n\u00e4chstes Jahr darf Pepper dann in der Veteranen Klasse starten\u00a0\u00a0 \u00a0 Sonst haben wir nichts weiter neues zu berichten.\u00a0 Schaut immer mal in meinem Shop rein, denn es werden in n\u00e4chster Zeit neue Artikel rein kommen.\u00a0 F\u00fcr n\u00e4chstes Jahr steht einbisschen was auf unserer Liste und ich bin gespannt was wir davon alles so erleben d\u00fcrfen.\u00a0 Wir w\u00fcnschen euch allen ein Gesundes Neues Jahr. Bleibt Gesund eure Baltic Spots Dalmatiner\u00a0 \u00a0 News 2020 Abholung von TJ (Price Spot\u00b4s Nordic Love Potion) am 14.11.2020 Es ist schon etwas her aber diese Story w\u00fcrde ich trotzdem gleich in die News mit rein nehmen. Im Sommer 2020 entschied ich mich einen zweiten R\u00fcden zu holen. Um neues Blut nach Deutschland zu holen, habe ich mich f\u00fcr die Zuchtst\u00e4tte Price Spot\u00b4s aus Norwegen entschieden. Die Verpaarung von Price Spot\u00b4s Hope and Glory &amp; All About Spot\u00b4s Pumbaa fand ich sehr sch\u00f6n und habe dann den Kontakt zu Silje aufgenommen. Ich habe zu ihr gesagt, dass ich an einen schwarz\/wei\u00dfen R\u00fcde interessiert bin. Bei ihrem N Wurf waren 3 schwarz\/wei\u00df e R\u00fcden dabei, die Entscheidung war schwer denn alle drei sahen so toll aus. Sie hat mir immer Fotos geschickt und die Entscheidung fiel dann auf Herrn Gelb. Da er aus dem Ausland kommt, musste ich bis zur 16. Woche warten um ihn endlich holen zu k\u00f6nnen. Silje hat TJ blendend vor erzogen in der Zeit. Mitte November war es dann eigentlich soweit. Aber dank Corona war das noch ein auf und ein ab mit den ganzen Grenzschlie\u00dfungen, Regelungen und und und, \u201eich will doch nur meinen Hund\u201e habe ich immer gedacht. Norwegen hat im Oktober die Grenzen dicht gemacht und somit kam Silje nicht raus aus dem Land. Wir haben Amanda aus Schweden mit ins Boot geholt, ihr R\u00fcde ist der Vater von TJ. Hier auch nochmal einen lieben Dank an Amanda das sie sich die Zeit f\u00fcr mich genommen hat. Amanda ist an die norwegische grenze gefahren und hat TJ dort abgeholt, ist mit ihm nach G\u00f6teborg zur AEP Untersuchung gefahren und hat ihn dann mit zu sich nach Hause nach S\u00fcd Schweden genommen. Am 14.11.2020, ein Tag nach meinem Geburtstag bin ich mit meiner Mutti fr\u00fch morgens vom Rostocker Hafen mit der Stena Line Richtung Schweden losgefahren. Nach ca 6 Std. sind wir in Trelleborg angekommen. Meine Aufregung stieg, denn nicht mehr lange und ich habe meinen Hund endlich. Das Schiff legte an, meine Mutti blieb mit den Sachen an Bord. Ich stieg in den Shuttle Bus und fuhr zum Terminal. Auf dem Parkplatz sah ich schon Amanda. Ich bin gleich zu ihr hin und sie holte TJ schon aus dem Auto raus. Es war ein so \u00fcberw\u00e4ltigendes Gef\u00fchl endlich meinen \u201eBaby Boy\u201c im Arm zu halten, denn auch er viel mir gleich um den Hals. Die Chemie zwischen uns stimmte sofort. Amanda hatte auch Pumba dabei gehabt, TJ sein Papa. Was f\u00fcr ein sch\u00f6ner R\u00fcde. Die \u00dcbergabe War kurz von Hund und Taschen und dann wieder ins Terminal und zur\u00fcck aufs Schiff. meine Mutti wartete an Bord und als sie uns sah war auch bei ihr die Freude gro\u00df und auch ihr viel TJ um den Hals. Die F\u00e4hrfahrt von 6 Std. hat TJ sehr gut \u00fcberstanden, die meiste Zeit hat er geschlafen somit verging die Zeit wie im Fluge. Gegen 22 Uhr waren wir endlich bei mir zu Hause angekommen und TJ hat seinen gro\u00dfen neuen Freund Pepper kennengelernt. Das erste sehen und kennenlernen war sehr entspannt und sch\u00f6n mit anzusehen. Sie haben sich auf Anhieb verstanden. Nach vielen aufregenden Monaten, Auf und ab\u00b4s durch Corona, ob ich nun fahren kann oder nicht, ob ich ihn bekomme oder nicht und wer wei\u00df wie viele Fragen noch waren. Viel mir dann ein gro\u00dfer Stein vom Herzen und man konnte wieder aufatmen. Es war ein toller aufregender Trip gewesen. Geplant ist nun wenn Corona entspannter oder ganz vorbei ist, nach Norwegen und Schweden zu fahren. \u00a0 \u00a0 \u00a0 \u00a0 \u00a0 \u00a0 \u00a0 \u00a0 \u00a0 \u00a0 \u00a0 \u00a0<\/p>\n","protected":false},"author":1,"featured_media":0,"parent":0,"menu_order":0,"comment_status":"closed","ping_status":"closed","template":"","meta":{"footnotes":""},"class_list":["post-50","page","type-page","status-publish","hentry"],"_links":{"self":[{"href":"https:\/\/www.baltic-spots.de\/index.php?rest_route=\/wp\/v2\/pages\/50","targetHints":{"allow":["GET"]}}],"collection":[{"href":"https:\/\/www.baltic-spots.de\/index.php?rest_route=\/wp\/v2\/pages"}],"about":[{"href":"https:\/\/www.baltic-spots.de\/index.php?rest_route=\/wp\/v2\/types\/page"}],"author":[{"embeddable":true,"href":"https:\/\/www.baltic-spots.de\/index.php?rest_route=\/wp\/v2\/users\/1"}],"replies":[{"embeddable":true,"href":"https:\/\/www.baltic-spots.de\/index.php?rest_route=%2Fwp%2Fv2%2Fcomments&post=50"}],"version-history":[{"count":16,"href":"https:\/\/www.baltic-spots.de\/index.php?rest_route=\/wp\/v2\/pages\/50\/revisions"}],"predecessor-version":[{"id":684,"href":"https:\/\/www.baltic-spots.de\/index.php?rest_route=\/wp\/v2\/pages\/50\/revisions\/684"}],"wp:attachment":[{"href":"https:\/\/www.baltic-spots.de\/index.php?rest_route=%2Fwp%2Fv2%2Fmedia&parent=50"}],"curies":[{"name":"wp","href":"https:\/\/api.w.org\/{rel}","templated":true}]}}