{"id":142,"date":"2021-02-21T20:48:52","date_gmt":"2021-02-21T19:48:52","guid":{"rendered":"http:\/\/www.baltic-spots.de\/?page_id=142"},"modified":"2021-02-22T21:09:58","modified_gmt":"2021-02-22T20:09:58","slug":"ausstellungen","status":"publish","type":"page","link":"https:\/\/www.baltic-spots.de\/?page_id=142","title":{"rendered":"Ausstellungen"},"content":{"rendered":"\n<figure class=\"wp-block-table\"><table><tbody><tr><td>Datum<\/td><td>Ort<\/td><td>Klasse<\/td><td>Richter<\/td><td>Bewertung<\/td><\/tr><tr><td><\/td><td><\/td><td><\/td><td><\/td><td><\/td><\/tr><tr><td>05.10.2019<\/td><td>IRA Rostock<\/td><td>Champion<\/td><td>J. Kruus<\/td><td>V1+CACIB<\/td><\/tr><tr><td>04.08.2019<\/td><td>NRA Hude<\/td><td>Champion<\/td><td>M. Levente<\/td><td>SG1<\/td><\/tr><tr><td>03.08.2019<\/td><td>IRA Hude<\/td><td>Offene<\/td><td>L. De Ridder<\/td><td>SG3<\/td><\/tr><tr><td>30.06.2019<\/td><td>Paaren Glien<\/td><td>Champion<\/td><td>M. Lehmann<\/td><td>V2+R.CAC<\/td><\/tr><tr><td>29.06.2019<\/td><td>Barleben<\/td><td>Champion<\/td><td>T.Nygard<\/td><td>V4<\/td><\/tr><tr><td><\/td><td><\/td><td><\/td><td><\/td><td><\/td><\/tr><tr><td>15.07.2018<\/td><td>Paaren Glien<\/td><td>Champion<\/td><td>S. Langanke<\/td><td>V3<\/td><\/tr><tr><td>14.07.2018<\/td><td>Paaren Glien<\/td><td>Champion<\/td><td>S.J\u00e4ckel<\/td><td>V3<\/td><\/tr><tr><td>16.06.2018<\/td><td>Riede<\/td><td>Champion<\/td><td>J. Saunders<\/td><td>V2+R.CAC<\/td><\/tr><tr><td>27.05.2018<\/td><td>Krosigk<\/td><td>Champion<\/td><td>R. Zachova<\/td><td>V<\/td><\/tr><tr><td>26.05.2018<\/td><td>Krosigk<\/td><td>Champion<\/td><td>O. Fintora<\/td><td>Sg<\/td><\/tr><tr><td>01.05.2018<\/td><td>IDS Zadar<\/td><td>Champion<\/td><td>D. Martinovic<\/td><td>V3<\/td><\/tr><tr><td>30.04.2018<\/td><td>IDS Zadar<\/td><td>Champion<\/td><td>T. Pehar<\/td><td>V2+R.CAC<\/td><\/tr><tr><td>29.04.2018<\/td><td>IDS Zadar<\/td><td>Champion<\/td><td>C-G. Stafberg<\/td><td>V1+CAC<\/td><\/tr><tr><td>28.04.2018<\/td><td>IDS Zadar<\/td><td>Champion<\/td><td>B. Chapiro<\/td><td>V2+R.CAC<\/td><\/tr><tr><td><\/td><td><\/td><td><\/td><td><\/td><td><\/td><\/tr><tr><td>05.11.2017<\/td><td>IDS Prag<\/td><td>Champion<\/td><td>A. Foss<\/td><td>V2+R.CAC<\/td><\/tr><tr><td>04.11.2017<\/td><td>IDS Prag<\/td><td>Champion<\/td><td>J.P. Achtergael<\/td><td>V3<\/td><\/tr><tr><td>09.07.2017<\/td><td>Paaren Glien<\/td><td>Champion<\/td><td>S. Weber-Martegani<\/td><td>V<\/td><\/tr><tr><td>08.07.2017<\/td><td>Barleben<\/td><td>Champion<\/td><td>P.Rotsch<\/td><td>V1 CAC&nbsp;<\/td><\/tr><tr><td>24.06.2017<\/td><td>IDS Brno<\/td><td>Champion<\/td><td>T. Pehar<\/td><td>V1 CAC CACIB BOS<\/td><\/tr><tr><td>17.06.2017<\/td><td>Riede<\/td><td>Champion<\/td><td>G. Weron<\/td><td>V1 CAC&nbsp;<\/td><\/tr><tr><td>10.06.2017<\/td><td>IA Hannover<\/td><td>Champion<\/td><td>J.P. Achtergael<\/td><td>V<\/td><\/tr><tr><td>27.05.2017<\/td><td>IDS Oss<\/td><td>Champion<\/td><td>N. Horsten-Ceustermans<\/td><td>V2+R.CACIB<\/td><\/tr><tr><td><\/td><td><\/td><td><\/td><td><\/td><td><\/td><\/tr><tr><td>11.12.2016<\/td><td>IRA Kassel<\/td><td>Champion<\/td><td>S. Langanke<\/td><td>V1 CAC CACIB<\/td><\/tr><tr><td>10.12.2016<\/td><td>NRA Kassel<\/td><td>Champion<\/td><td>S. Fuchs<\/td><td>V4<\/td><\/tr><tr><td>02.10.2016<\/td><td>IRA Rostock<\/td><td>Champion<\/td><td>J. B\u00f6hme<\/td><td>V3<\/td><\/tr><tr><td>21.08.2016<\/td><td>GM Leipzig<\/td><td>Champion<\/td><td>M. Zidar<\/td><td>SG<\/td><\/tr><tr><td>20.08.2016<\/td><td>IA Leipzig<\/td><td>Champion<\/td><td>S. Sinko<\/td><td>V<\/td><\/tr><tr><td>31.07.2016<\/td><td>NRA Bremen<\/td><td>Champion<\/td><td>J. Rotsch<\/td><td>V1 CAC&nbsp;<\/td><\/tr><tr><td>30.07.2016<\/td><td>IRA Bremen<\/td><td>Champion<\/td><td>R. B. Johansen<\/td><td>V2 +R.CAC<\/td><\/tr><tr><td>03.07.2016<\/td><td>Paaren Glien<\/td><td>Champion<\/td><td>N. Devic<\/td><td>SG<\/td><\/tr><tr><td>02.07.2016<\/td><td>Barleben<\/td><td>Champion<\/td><td>A. Jakobsen<\/td><td>V4<\/td><\/tr><tr><td>26.06.2016<\/td><td>NDS Stettin<\/td><td>Champion<\/td><td>M.Ciborowska-Kubiak<\/td><td>V1 CAC BOB<\/td><\/tr><tr><td>25.06.2016<\/td><td>NDS Stettin<\/td><td>Champion<\/td><td>A. Mania<\/td><td>V1 CAC BOB<\/td><\/tr><tr><td>18.06.2016<\/td><td>Riede<\/td><td>Champion<\/td><td>T. Arangelova<\/td><td>V4<\/td><\/tr><tr><td>29.05.2016<\/td><td>Krosigk<\/td><td>Champion<\/td><td>B. Smith<\/td><td>V3<\/td><\/tr><tr><td>28.05.2016<\/td><td>Krosigk<\/td><td>Champion<\/td><td>M. Smith<\/td><td>V3<\/td><\/tr><tr><td>07.05.2016<\/td><td>IRA Dortmund<\/td><td>Offene&nbsp;<\/td><td>F. Zimmermann<\/td><td>V3<\/td><\/tr><tr><td>06.05.2016<\/td><td>ES Dortmund<\/td><td>Offene&nbsp;<\/td><td>J. Rotsch<\/td><td>V2 +R.CAC<\/td><\/tr><tr><td><\/td><td><\/td><td><\/td><td><\/td><td><\/td><\/tr><tr><td>03.10.2015<\/td><td>IRA Rostock<\/td><td>Zwischen<\/td><td>Ch. Jenvall<\/td><td>SG4<\/td><\/tr><tr><td>30.08.2015<\/td><td>Varde&nbsp;<\/td><td>Zwischen<\/td><td>A. Liv\u00f8 Buvik<\/td><td>V1+CK<\/td><\/tr><tr><td>29.08.2015<\/td><td>Varde&nbsp;<\/td><td>Zwischen<\/td><td>G. Cook<\/td><td>SG1<\/td><\/tr><tr><td>23.08.2015<\/td><td>GW Leipzig<\/td><td>Zwischen<\/td><td>I. Huber<\/td><td>V2+R.CAC<\/td><\/tr><tr><td>22.08.2015<\/td><td>IRA Leipzig<\/td><td>Zwischen<\/td><td>Dr. Peper<\/td><td>V3<\/td><\/tr><tr><td>08.08.2015<\/td><td>Barleben<\/td><td>Zwischen<\/td><td>P.Rehanek<\/td><td>V2+R.CAC<\/td><\/tr><tr><td>02.08.2015<\/td><td>NRA Bremen<\/td><td>Zwischen<\/td><td>P.Kr\u00f6l<\/td><td>SG2<\/td><\/tr><tr><td>01.08,2015<\/td><td>IRA Bremen<\/td><td>Zwischen<\/td><td>W. Wellens<\/td><td>V1 CAC<\/td><\/tr><tr><td>28.06.2015<\/td><td>IDS Stettin<\/td><td>Zwischen<\/td><td>A. Kazmierski<\/td><td>V1 CAC<\/td><\/tr><tr><td>14.06.2015<\/td><td>Krosigk<\/td><td>Zwischen<\/td><td>E. Gonzalez<\/td><td>V3<\/td><\/tr><tr><td>13.06.2015<\/td><td>Krosigk<\/td><td>Zwischen<\/td><td>W.Burski<\/td><td>V1 CAC<\/td><\/tr><tr><td>07.06.2015<\/td><td>Barleben<\/td><td>Zwischen<\/td><td>J. Coppens<\/td><td>V3<\/td><\/tr><tr><td>30.06.2015<\/td><td>IRA Neum\u00fcnster<\/td><td>Zwischen<\/td><td>J. Hiddes<\/td><td>SG<\/td><\/tr><tr><td>18.04.2015<\/td><td>IRA Chemnitz<\/td><td>Zwischen<\/td><td>J. B\u00f6hme<\/td><td>V1 CAC<\/td><\/tr><tr><td><\/td><td><\/td><td><\/td><td><\/td><td><\/td><\/tr><tr><td>07.12.2014<\/td><td>IRA Kassel<\/td><td>Jugend<\/td><td>L. Fintorova<\/td><td>SG<\/td><\/tr><tr><td>06.12.2014<\/td><td>NRA Kassel<\/td><td>Jugend<\/td><td>J. B\u00f6hme<\/td><td>V2<\/td><\/tr><tr><td>28.06.2014<\/td><td>Barleben<\/td><td>J\u00fcngsten<\/td><td>R. B. Johansen<\/td><td>Vsp 3<\/td><\/tr><\/tbody><\/table><\/figure>\n\n\n\n<p>&nbsp;&nbsp;&nbsp;&nbsp;<\/p>\n","protected":false},"excerpt":{"rendered":"<p>Datum Ort Klasse Richter Bewertung 05.10.2019 IRA Rostock Champion J. Kruus V1+CACIB 04.08.2019 NRA Hude Champion M. Levente SG1 03.08.2019 IRA Hude Offene L. De Ridder SG3 30.06.2019 Paaren Glien Champion M. Lehmann V2+R.CAC 29.06.2019 Barleben Champion T.Nygard V4 15.07.2018 Paaren Glien Champion S. Langanke V3 14.07.2018 Paaren Glien Champion S.J\u00e4ckel V3 16.06.2018 Riede Champion J. Saunders V2+R.CAC 27.05.2018 Krosigk Champion R. Zachova V 26.05.2018 Krosigk Champion O. Fintora Sg 01.05.2018 IDS Zadar Champion D. Martinovic V3 30.04.2018 IDS Zadar Champion T. Pehar V2+R.CAC 29.04.2018 IDS Zadar Champion C-G. Stafberg V1+CAC 28.04.2018 IDS Zadar Champion B. Chapiro V2+R.CAC 05.11.2017 IDS Prag Champion A. Foss V2+R.CAC 04.11.2017 IDS Prag Champion J.P. Achtergael V3 09.07.2017 Paaren Glien Champion S. Weber-Martegani V 08.07.2017 Barleben Champion P.Rotsch V1 CAC&nbsp; 24.06.2017 IDS Brno Champion T. Pehar V1 CAC CACIB BOS 17.06.2017 Riede Champion G. Weron V1 CAC&nbsp; 10.06.2017 IA Hannover Champion J.P. Achtergael V 27.05.2017 IDS Oss Champion N. Horsten-Ceustermans V2+R.CACIB 11.12.2016 IRA Kassel Champion S. Langanke V1 CAC CACIB 10.12.2016 NRA Kassel Champion S. Fuchs V4 02.10.2016 IRA Rostock Champion J. B\u00f6hme V3 21.08.2016 GM Leipzig Champion M. Zidar SG 20.08.2016 IA Leipzig Champion S. Sinko V 31.07.2016 NRA Bremen Champion J. Rotsch V1 CAC&nbsp; 30.07.2016 IRA Bremen Champion R. B. Johansen V2 +R.CAC 03.07.2016 Paaren Glien Champion N. Devic SG 02.07.2016 Barleben Champion A. Jakobsen V4 26.06.2016 NDS Stettin Champion M.Ciborowska-Kubiak V1 CAC BOB 25.06.2016 NDS Stettin Champion A. Mania V1 CAC BOB 18.06.2016 Riede Champion T. Arangelova V4 29.05.2016 Krosigk Champion B. Smith V3 28.05.2016 Krosigk Champion M. Smith V3 07.05.2016 IRA Dortmund Offene&nbsp; F. Zimmermann V3 06.05.2016 ES Dortmund Offene&nbsp; J. Rotsch V2 +R.CAC 03.10.2015 IRA Rostock Zwischen Ch. Jenvall SG4 30.08.2015 Varde&nbsp; Zwischen A. Liv\u00f8 Buvik V1+CK 29.08.2015 Varde&nbsp; Zwischen G. Cook SG1 23.08.2015 GW Leipzig Zwischen I. Huber V2+R.CAC 22.08.2015 IRA Leipzig Zwischen Dr. Peper V3 08.08.2015 Barleben Zwischen P.Rehanek V2+R.CAC 02.08.2015 NRA Bremen Zwischen P.Kr\u00f6l SG2 01.08,2015 IRA Bremen Zwischen W. Wellens V1 CAC 28.06.2015 IDS Stettin Zwischen A. Kazmierski V1 CAC 14.06.2015 Krosigk Zwischen E. Gonzalez V3 13.06.2015 Krosigk Zwischen W.Burski V1 CAC 07.06.2015 Barleben Zwischen J. Coppens V3 30.06.2015 IRA Neum\u00fcnster Zwischen J. Hiddes SG 18.04.2015 IRA Chemnitz Zwischen J. B\u00f6hme V1 CAC 07.12.2014 IRA Kassel Jugend L. Fintorova SG 06.12.2014 NRA Kassel Jugend J. B\u00f6hme V2 28.06.2014 Barleben J\u00fcngsten R. B. Johansen Vsp 3 &nbsp;&nbsp;&nbsp;&nbsp;<\/p>\n","protected":false},"author":1,"featured_media":0,"parent":0,"menu_order":0,"comment_status":"closed","ping_status":"closed","template":"","meta":{"footnotes":""},"class_list":["post-142","page","type-page","status-publish","hentry"],"_links":{"self":[{"href":"https:\/\/www.baltic-spots.de\/index.php?rest_route=\/wp\/v2\/pages\/142","targetHints":{"allow":["GET"]}}],"collection":[{"href":"https:\/\/www.baltic-spots.de\/index.php?rest_route=\/wp\/v2\/pages"}],"about":[{"href":"https:\/\/www.baltic-spots.de\/index.php?rest_route=\/wp\/v2\/types\/page"}],"author":[{"embeddable":true,"href":"https:\/\/www.baltic-spots.de\/index.php?rest_route=\/wp\/v2\/users\/1"}],"replies":[{"embeddable":true,"href":"https:\/\/www.baltic-spots.de\/index.php?rest_route=%2Fwp%2Fv2%2Fcomments&post=142"}],"version-history":[{"count":10,"href":"https:\/\/www.baltic-spots.de\/index.php?rest_route=\/wp\/v2\/pages\/142\/revisions"}],"predecessor-version":[{"id":213,"href":"https:\/\/www.baltic-spots.de\/index.php?rest_route=\/wp\/v2\/pages\/142\/revisions\/213"}],"wp:attachment":[{"href":"https:\/\/www.baltic-spots.de\/index.php?rest_route=%2Fwp%2Fv2%2Fmedia&parent=142"}],"curies":[{"name":"wp","href":"https:\/\/api.w.org\/{rel}","templated":true}]}}