{"id":100,"date":"2021-02-21T14:47:27","date_gmt":"2021-02-21T13:47:27","guid":{"rendered":"http:\/\/www.baltic-spots.de\/?page_id=100"},"modified":"2025-03-18T21:43:36","modified_gmt":"2025-03-18T20:43:36","slug":"shop","status":"publish","type":"page","link":"https:\/\/www.baltic-spots.de\/?page_id=100","title":{"rendered":"Shop"},"content":{"rendered":"\n<figure class=\"wp-block-gallery has-nested-images columns-default is-cropped wp-block-gallery-1 is-layout-flex wp-block-gallery-is-layout-flex\">\n<figure class=\"wp-block-image size-large\"><img loading=\"lazy\" decoding=\"async\" width=\"2400\" height=\"1800\" data-id=\"787\" src=\"https:\/\/www.baltic-spots.de\/wp-content\/uploads\/2025\/03\/decke-2400x1800.jpg\" alt=\"\" class=\"wp-image-787\" srcset=\"https:\/\/www.baltic-spots.de\/wp-content\/uploads\/2025\/03\/decke-2400x1800.jpg 2400w, https:\/\/www.baltic-spots.de\/wp-content\/uploads\/2025\/03\/decke-1200x900.jpg 1200w, https:\/\/www.baltic-spots.de\/wp-content\/uploads\/2025\/03\/decke-50x38.jpg 50w, https:\/\/www.baltic-spots.de\/wp-content\/uploads\/2025\/03\/decke-768x576.jpg 768w, https:\/\/www.baltic-spots.de\/wp-content\/uploads\/2025\/03\/decke-1536x1152.jpg 1536w, https:\/\/www.baltic-spots.de\/wp-content\/uploads\/2025\/03\/decke-2048x1536.jpg 2048w, https:\/\/www.baltic-spots.de\/wp-content\/uploads\/2025\/03\/decke-1140x855.jpg 1140w\" sizes=\"auto, (max-width: 2400px) 100vw, 2400px\" \/><figcaption class=\"wp-element-caption\">Kuschel weiche Decken<\/figcaption><\/figure>\n\n\n\n<figure class=\"wp-block-image size-large\"><img loading=\"lazy\" decoding=\"async\" width=\"2400\" height=\"1800\" data-id=\"788\" src=\"https:\/\/www.baltic-spots.de\/wp-content\/uploads\/2025\/03\/cover-2400x1800.jpg\" alt=\"\" class=\"wp-image-788\" srcset=\"https:\/\/www.baltic-spots.de\/wp-content\/uploads\/2025\/03\/cover-2400x1800.jpg 2400w, https:\/\/www.baltic-spots.de\/wp-content\/uploads\/2025\/03\/cover-1200x900.jpg 1200w, https:\/\/www.baltic-spots.de\/wp-content\/uploads\/2025\/03\/cover-50x38.jpg 50w, https:\/\/www.baltic-spots.de\/wp-content\/uploads\/2025\/03\/cover-768x576.jpg 768w, https:\/\/www.baltic-spots.de\/wp-content\/uploads\/2025\/03\/cover-1536x1152.jpg 1536w, https:\/\/www.baltic-spots.de\/wp-content\/uploads\/2025\/03\/cover-2048x1536.jpg 2048w, https:\/\/www.baltic-spots.de\/wp-content\/uploads\/2025\/03\/cover-1140x855.jpg 1140w\" sizes=\"auto, (max-width: 2400px) 100vw, 2400px\" \/><figcaption class=\"wp-element-caption\">Cover f\u00fcr Hundebetten<\/figcaption><\/figure>\n<\/figure>\n\n\n\n<p>Seit kurzer Zeit stelle ich auch Hobby m\u00e4\u00dfig Kleintierbedarf her, wie z.B. Decken in allen gr\u00f6\u00dfen, Cover f\u00fcr K\u00f6rbchen,  Nikolaus Pfoten, Halst\u00fccher, Pfotenkissen und vieles mehr. Diese k\u00f6nnen k\u00e4uflich erworben werden. Fotos findet ihr weiter unten zu den Produkten. Und auf der Seite &#8220;Meine Gl\u00fccklichen K\u00e4ufer&#8221; k\u00f6nnt ihr einige Hunde und Katzen mit ihren Neuheiten sehen.<\/p>\n\n\n\n<p>Alles wird auf Wunsch angefertigt, Farbauswahl bitte anfragen, da sie immer Variieren. Sollte eine gew\u00fcnschte Farbe nicht vorhanden sein, so kann ich diese auch besorgen. Einige fertige Produkte habe ich auch auf Lager, bitte dann anfragen was Vorhanden ist.<\/p>\n\n\n\n<p>Bei Interesse schreibt mich einfach per Mail an oder \u00fcber das Kontaktformular.<\/p>\n\n\n\n<p>Preisliste f\u00fcr folgende Arbeiten:<\/p>\n\n\n\n<p>Welpen Paket 23\u20ac (Welpendecke, Zergel klein, Impfpassh\u00fclle mit Beschriftung)<\/p>\n\n\n\n<p>Schn\u00fcffelteppich gro\u00df 40x40cm 20\u20ac &#8211; klein 20x20cm 10\u20ac<\/p>\n\n\n\n<p>Zergel gro\u00df ca 40cm 4\u20ac, Zergel klein ca 18cm 3\u20ac<\/p>\n\n\n\n<p>Pfotenkissen 12\u20ac<\/p>\n\n\n\n<p>Leckerli Beutel 15\u20ac <\/p>\n\n\n\n<p>Impfpassh\u00fcllen mit Schrift 6\u20ac<\/p>\n\n\n\n<p>Nikolaus Pfote gro\u00df 15\u20ac &#8211; klein 8\u20ac<\/p>\n\n\n\n<p>Kuschel Decken versch. Gr\u00f6\u00dfen m\u00f6glich ab 8\u20ac (Abweichungen vorbehalten da Stoff Preise variieren)<\/p>\n\n\n\n<p>Dreiecks Halst\u00fccher&#8230; verschiedene Gr\u00f6\u00dfen ab 12\u20ac<\/p>\n\n\n\n<p>Hunde Loops&#8230; verschiedene Gr\u00f6\u00dfen ab 13\u20ac<\/p>\n\n\n\n<p>Bademantel&#8230; Gr. XS 25\u20ac (R\u00fcckenl\u00e4nge ca 48cm, Bauchumfang ca 47-73cm), Gr. S\/M 30\u20ac (R\u00fcckenl\u00e4nge ca 56-60cm, Bauchumfang ca 50-86cm), Gr. L 35\u20ac (R\u00fcckenl\u00e4nge ca 65cm, Bauchumfang ca 60-93cm)<\/p>\n\n\n\n<p>Knochenkissen 4\u20ac<\/p>\n\n\n\n<p>Kissen 25x35cm 5\u20ac<\/p>\n\n\n\n<p>Schl\u00fcsselanh\u00e4nger mit Beschriftung 2,50\u20ac <\/p>\n\n\n\n<p>Cover f\u00fcr Hundek\u00f6rbchen (oder auch andere Bez\u00fcge m\u00f6glich)&#8230; ab 30\u20ac<\/p>\n\n\n\n<p>(Abweichungen vorbehalten da Stoff Preise variieren)<\/p>\n\n\n\n<p>Gerne verschicke ich die Sachen auch. Porto \u00fcbernimmt der K\u00e4ufer.<\/p>\n\n\n\n<figure class=\"wp-block-gallery has-nested-images columns-default is-cropped wp-block-gallery-2 is-layout-flex wp-block-gallery-is-layout-flex\">\n<figure class=\"wp-block-image size-large\"><img loading=\"lazy\" decoding=\"async\" width=\"2400\" height=\"1800\" data-id=\"789\" src=\"https:\/\/www.baltic-spots.de\/wp-content\/uploads\/2025\/03\/pfoten-2400x1800.jpg\" alt=\"\" class=\"wp-image-789\" srcset=\"https:\/\/www.baltic-spots.de\/wp-content\/uploads\/2025\/03\/pfoten-2400x1800.jpg 2400w, https:\/\/www.baltic-spots.de\/wp-content\/uploads\/2025\/03\/pfoten-1200x900.jpg 1200w, https:\/\/www.baltic-spots.de\/wp-content\/uploads\/2025\/03\/pfoten-50x38.jpg 50w, https:\/\/www.baltic-spots.de\/wp-content\/uploads\/2025\/03\/pfoten-768x576.jpg 768w, https:\/\/www.baltic-spots.de\/wp-content\/uploads\/2025\/03\/pfoten-1536x1152.jpg 1536w, https:\/\/www.baltic-spots.de\/wp-content\/uploads\/2025\/03\/pfoten-2048x1536.jpg 2048w, https:\/\/www.baltic-spots.de\/wp-content\/uploads\/2025\/03\/pfoten-1140x855.jpg 1140w\" sizes=\"auto, (max-width: 2400px) 100vw, 2400px\" \/><figcaption class=\"wp-element-caption\">Pfotenkissen &#8211; Knochenkissen &#8211; Kissen 25x35cm<\/figcaption><\/figure>\n<\/figure>\n\n\n\n<figure class=\"wp-block-gallery has-nested-images columns-default is-cropped wp-block-gallery-3 is-layout-flex wp-block-gallery-is-layout-flex\">\n<figure class=\"wp-block-image size-large\"><img loading=\"lazy\" decoding=\"async\" width=\"1989\" height=\"2400\" data-id=\"667\" src=\"https:\/\/www.baltic-spots.de\/wp-content\/uploads\/2021\/08\/IMG_9741-1989x2400.jpg\" alt=\"\" class=\"wp-image-667\" srcset=\"https:\/\/www.baltic-spots.de\/wp-content\/uploads\/2021\/08\/IMG_9741-1989x2400.jpg 1989w, https:\/\/www.baltic-spots.de\/wp-content\/uploads\/2021\/08\/IMG_9741-995x1200.jpg 995w, https:\/\/www.baltic-spots.de\/wp-content\/uploads\/2021\/08\/IMG_9741-41x50.jpg 41w, https:\/\/www.baltic-spots.de\/wp-content\/uploads\/2021\/08\/IMG_9741-768x927.jpg 768w, https:\/\/www.baltic-spots.de\/wp-content\/uploads\/2021\/08\/IMG_9741-1273x1536.jpg 1273w, https:\/\/www.baltic-spots.de\/wp-content\/uploads\/2021\/08\/IMG_9741-1697x2048.jpg 1697w, https:\/\/www.baltic-spots.de\/wp-content\/uploads\/2021\/08\/IMG_9741-1140x1376.jpg 1140w\" sizes=\"auto, (max-width: 1989px) 100vw, 1989px\" \/><figcaption class=\"wp-element-caption\">Welpen Paket<\/figcaption><\/figure>\n\n\n\n<figure class=\"wp-block-image size-large\"><img loading=\"lazy\" decoding=\"async\" width=\"1800\" height=\"2400\" data-id=\"404\" src=\"https:\/\/www.baltic-spots.de\/wp-content\/uploads\/2021\/03\/IMG_2496-1-1800x2400.jpg\" alt=\"\" class=\"wp-image-404\" srcset=\"https:\/\/www.baltic-spots.de\/wp-content\/uploads\/2021\/03\/IMG_2496-1-1800x2400.jpg 1800w, https:\/\/www.baltic-spots.de\/wp-content\/uploads\/2021\/03\/IMG_2496-1-900x1200.jpg 900w, https:\/\/www.baltic-spots.de\/wp-content\/uploads\/2021\/03\/IMG_2496-1-38x50.jpg 38w, https:\/\/www.baltic-spots.de\/wp-content\/uploads\/2021\/03\/IMG_2496-1-768x1024.jpg 768w, https:\/\/www.baltic-spots.de\/wp-content\/uploads\/2021\/03\/IMG_2496-1-1152x1536.jpg 1152w, https:\/\/www.baltic-spots.de\/wp-content\/uploads\/2021\/03\/IMG_2496-1-1536x2048.jpg 1536w, https:\/\/www.baltic-spots.de\/wp-content\/uploads\/2021\/03\/IMG_2496-1-1140x1520.jpg 1140w, https:\/\/www.baltic-spots.de\/wp-content\/uploads\/2021\/03\/IMG_2496-1-scaled.jpg 1920w\" sizes=\"auto, (max-width: 1800px) 100vw, 1800px\" \/><figcaption class=\"wp-element-caption\">Schn\u00fcffelteppich<\/figcaption><\/figure>\n\n\n\n<figure class=\"wp-block-image size-full\"><img loading=\"lazy\" decoding=\"async\" width=\"1200\" height=\"1600\" data-id=\"654\" src=\"https:\/\/www.baltic-spots.de\/wp-content\/uploads\/2021\/05\/BXFL6746-1.jpg\" alt=\"\" class=\"wp-image-654\" srcset=\"https:\/\/www.baltic-spots.de\/wp-content\/uploads\/2021\/05\/BXFL6746-1.jpg 1200w, https:\/\/www.baltic-spots.de\/wp-content\/uploads\/2021\/05\/BXFL6746-1-900x1200.jpg 900w, https:\/\/www.baltic-spots.de\/wp-content\/uploads\/2021\/05\/BXFL6746-1-38x50.jpg 38w, https:\/\/www.baltic-spots.de\/wp-content\/uploads\/2021\/05\/BXFL6746-1-768x1024.jpg 768w, https:\/\/www.baltic-spots.de\/wp-content\/uploads\/2021\/05\/BXFL6746-1-1152x1536.jpg 1152w, https:\/\/www.baltic-spots.de\/wp-content\/uploads\/2021\/05\/BXFL6746-1-1140x1520.jpg 1140w\" sizes=\"auto, (max-width: 1200px) 100vw, 1200px\" \/><figcaption class=\"wp-element-caption\">Nikolaus Pfoten<\/figcaption><\/figure>\n<\/figure>\n\n\n\n<figure class=\"wp-block-gallery has-nested-images columns-default is-cropped wp-block-gallery-4 is-layout-flex wp-block-gallery-is-layout-flex\">\n<figure class=\"wp-block-image size-full\"><img loading=\"lazy\" decoding=\"async\" width=\"750\" height=\"562\" data-id=\"656\" src=\"https:\/\/www.baltic-spots.de\/wp-content\/uploads\/2021\/05\/IMG_E6210.jpg\" alt=\"\" class=\"wp-image-656\" srcset=\"https:\/\/www.baltic-spots.de\/wp-content\/uploads\/2021\/05\/IMG_E6210.jpg 750w, https:\/\/www.baltic-spots.de\/wp-content\/uploads\/2021\/05\/IMG_E6210-50x37.jpg 50w\" sizes=\"auto, (max-width: 750px) 100vw, 750px\" \/><figcaption class=\"wp-element-caption\">Dreiecks-Halst\u00fccher<\/figcaption><\/figure>\n\n\n\n<figure class=\"wp-block-image size-full\"><img loading=\"lazy\" decoding=\"async\" width=\"1440\" height=\"1800\" data-id=\"691\" src=\"https:\/\/www.baltic-spots.de\/wp-content\/uploads\/2022\/02\/8E99A27E-BA01-4474-8F48-4607EA61BFA8.jpg\" alt=\"\" class=\"wp-image-691\" srcset=\"https:\/\/www.baltic-spots.de\/wp-content\/uploads\/2022\/02\/8E99A27E-BA01-4474-8F48-4607EA61BFA8.jpg 1440w, https:\/\/www.baltic-spots.de\/wp-content\/uploads\/2022\/02\/8E99A27E-BA01-4474-8F48-4607EA61BFA8-960x1200.jpg 960w, https:\/\/www.baltic-spots.de\/wp-content\/uploads\/2022\/02\/8E99A27E-BA01-4474-8F48-4607EA61BFA8-40x50.jpg 40w, https:\/\/www.baltic-spots.de\/wp-content\/uploads\/2022\/02\/8E99A27E-BA01-4474-8F48-4607EA61BFA8-768x960.jpg 768w, https:\/\/www.baltic-spots.de\/wp-content\/uploads\/2022\/02\/8E99A27E-BA01-4474-8F48-4607EA61BFA8-1229x1536.jpg 1229w, https:\/\/www.baltic-spots.de\/wp-content\/uploads\/2022\/02\/8E99A27E-BA01-4474-8F48-4607EA61BFA8-1140x1425.jpg 1140w\" sizes=\"auto, (max-width: 1440px) 100vw, 1440px\" \/><figcaption class=\"wp-element-caption\">Badem\u00e4ntel<\/figcaption><\/figure>\n<\/figure>\n\n\n\n<figure class=\"wp-block-gallery has-nested-images columns-default is-cropped wp-block-gallery-5 is-layout-flex wp-block-gallery-is-layout-flex\">\n<figure class=\"wp-block-image size-full\"><img loading=\"lazy\" decoding=\"async\" width=\"750\" height=\"549\" data-id=\"790\" src=\"https:\/\/www.baltic-spots.de\/wp-content\/uploads\/2025\/03\/set.jpg\" alt=\"\" class=\"wp-image-790\" srcset=\"https:\/\/www.baltic-spots.de\/wp-content\/uploads\/2025\/03\/set.jpg 750w, https:\/\/www.baltic-spots.de\/wp-content\/uploads\/2025\/03\/set-50x37.jpg 50w\" sizes=\"auto, (max-width: 750px) 100vw, 750px\" \/><\/figure>\n<\/figure>\n\n\n\n<figure class=\"wp-block-gallery has-nested-images columns-default is-cropped wp-block-gallery-6 is-layout-flex wp-block-gallery-is-layout-flex\"><\/figure>\n","protected":false},"excerpt":{"rendered":"<p>Seit kurzer Zeit stelle ich auch Hobby m\u00e4\u00dfig Kleintierbedarf her, wie z.B. Decken in allen gr\u00f6\u00dfen, Cover f\u00fcr K\u00f6rbchen, Nikolaus Pfoten, Halst\u00fccher, Pfotenkissen und vieles mehr. Diese k\u00f6nnen k\u00e4uflich erworben werden. Fotos findet ihr weiter unten zu den Produkten. Und auf der Seite &#8220;Meine Gl\u00fccklichen K\u00e4ufer&#8221; k\u00f6nnt ihr einige Hunde und Katzen mit ihren Neuheiten sehen. Alles wird auf Wunsch angefertigt, Farbauswahl bitte anfragen, da sie immer Variieren. Sollte eine gew\u00fcnschte Farbe nicht vorhanden sein, so kann ich diese auch besorgen. Einige fertige Produkte habe ich auch auf Lager, bitte dann anfragen was Vorhanden ist. Bei Interesse schreibt mich einfach per Mail an oder \u00fcber das Kontaktformular. Preisliste f\u00fcr folgende Arbeiten: Welpen Paket 23\u20ac (Welpendecke, Zergel klein, Impfpassh\u00fclle mit Beschriftung) Schn\u00fcffelteppich gro\u00df 40x40cm 20\u20ac &#8211; klein 20x20cm 10\u20ac Zergel gro\u00df ca 40cm 4\u20ac, Zergel klein ca 18cm 3\u20ac Pfotenkissen 12\u20ac Leckerli Beutel 15\u20ac Impfpassh\u00fcllen mit Schrift 6\u20ac Nikolaus Pfote gro\u00df 15\u20ac &#8211; klein 8\u20ac Kuschel Decken versch. Gr\u00f6\u00dfen m\u00f6glich ab 8\u20ac (Abweichungen vorbehalten da Stoff Preise variieren) Dreiecks Halst\u00fccher&#8230; verschiedene Gr\u00f6\u00dfen ab 12\u20ac Hunde Loops&#8230; verschiedene Gr\u00f6\u00dfen ab 13\u20ac Bademantel&#8230; Gr. XS 25\u20ac (R\u00fcckenl\u00e4nge ca 48cm, Bauchumfang ca 47-73cm), Gr. S\/M 30\u20ac (R\u00fcckenl\u00e4nge ca 56-60cm, Bauchumfang ca 50-86cm), Gr. L 35\u20ac (R\u00fcckenl\u00e4nge ca 65cm, Bauchumfang ca 60-93cm) Knochenkissen 4\u20ac Kissen 25x35cm 5\u20ac Schl\u00fcsselanh\u00e4nger mit Beschriftung 2,50\u20ac Cover f\u00fcr Hundek\u00f6rbchen (oder auch andere Bez\u00fcge m\u00f6glich)&#8230; ab 30\u20ac (Abweichungen vorbehalten da Stoff Preise variieren) Gerne verschicke ich die Sachen auch. Porto \u00fcbernimmt der K\u00e4ufer.<\/p>\n","protected":false},"author":1,"featured_media":0,"parent":0,"menu_order":0,"comment_status":"closed","ping_status":"closed","template":"","meta":{"footnotes":""},"class_list":["post-100","page","type-page","status-publish","hentry"],"_links":{"self":[{"href":"https:\/\/www.baltic-spots.de\/index.php?rest_route=\/wp\/v2\/pages\/100","targetHints":{"allow":["GET"]}}],"collection":[{"href":"https:\/\/www.baltic-spots.de\/index.php?rest_route=\/wp\/v2\/pages"}],"about":[{"href":"https:\/\/www.baltic-spots.de\/index.php?rest_route=\/wp\/v2\/types\/page"}],"author":[{"embeddable":true,"href":"https:\/\/www.baltic-spots.de\/index.php?rest_route=\/wp\/v2\/users\/1"}],"replies":[{"embeddable":true,"href":"https:\/\/www.baltic-spots.de\/index.php?rest_route=%2Fwp%2Fv2%2Fcomments&post=100"}],"version-history":[{"count":42,"href":"https:\/\/www.baltic-spots.de\/index.php?rest_route=\/wp\/v2\/pages\/100\/revisions"}],"predecessor-version":[{"id":791,"href":"https:\/\/www.baltic-spots.de\/index.php?rest_route=\/wp\/v2\/pages\/100\/revisions\/791"}],"wp:attachment":[{"href":"https:\/\/www.baltic-spots.de\/index.php?rest_route=%2Fwp%2Fv2%2Fmedia&parent=100"}],"curies":[{"name":"wp","href":"https:\/\/api.w.org\/{rel}","templated":true}]}}